{"id":548,"date":"2021-07-19T09:40:43","date_gmt":"2021-07-19T07:40:43","guid":{"rendered":"https:\/\/www.casacirio.it\/regulation\/"},"modified":"2026-04-18T07:28:34","modified_gmt":"2026-04-18T05:28:34","slug":"regulation","status":"publish","type":"page","link":"https:\/\/www.casacirio.it\/en\/regulation\/","title":{"rendered":"Regulation"},"content":{"rendered":"<p>[et_pb_section fb_built=&#8221;1&#8243; _builder_version=&#8221;4.16&#8243; _module_preset=&#8221;default&#8221; background_enable_color=&#8221;off&#8221; global_colors_info=&#8221;{}&#8221;][et_pb_row _builder_version=&#8221;4.16&#8243; _module_preset=&#8221;default&#8221; global_colors_info=&#8221;{}&#8221;][et_pb_column type=&#8221;4_4&#8243; _builder_version=&#8221;4.16&#8243; _module_preset=&#8221;default&#8221; global_colors_info=&#8221;{}&#8221;][et_pb_text disabled_on=&#8221;on|on|on&#8221; _builder_version=&#8221;4.27.4&#8243; _module_preset=&#8221;default&#8221; text_text_color=&#8221;#000000&#8243; text_font_size=&#8221;17px&#8221; header_4_font_size=&#8221;20px&#8221; hover_enabled=&#8221;0&#8243; disabled=&#8221;on&#8221; global_colors_info=&#8221;{}&#8221; sticky_enabled=&#8221;0&#8243;]Dear Guests,<br \/>\nTo make your stay with us as pleasant as possible, we believe it is helpful to provide you with some functional and structural information.<\/p>\n<p>[\/et_pb_text][et_pb_text _builder_version=&#8221;4.27.4&#8243; _module_preset=&#8221;default&#8221; text_font_size=&#8221;19px&#8221; header_4_font_size=&#8221;20px&#8221; text_orientation=&#8221;center&#8221; hover_enabled=&#8221;0&#8243; global_colors_info=&#8221;{}&#8221; sticky_enabled=&#8221;0&#8243;]<\/p>\n<h2 class=\"tw-data-text tw-text-large tw-ta\" data-placeholder=\"Traduzione\" id=\"tw-target-text\" role=\"text\" data-ved=\"2ahUKEwjatrjCl_STAxUWX0EAHQx2FCMQ3ewLegQIDBAV\" dir=\"ltr\" aria-label=\"Testo tradotto: Arrival and departure times\" tabindex=\"-1\"><span class=\"Y2IQFc\" lang=\"en\">Arrival and departure times<\/span><\/h2>\n<p>[\/et_pb_text][et_pb_text _builder_version=&#8221;4.27.4&#8243; _module_preset=&#8221;default&#8221; text_font_size=&#8221;19px&#8221; header_4_text_color=&#8221;#289548&#8243; header_4_font_size=&#8221;20px&#8221; text_orientation=&#8221;center&#8221; hover_enabled=&#8221;0&#8243; global_colors_info=&#8221;{}&#8221; sticky_enabled=&#8221;0&#8243;]<\/p>\n<h4>Arrival<\/h4>\n<p><b>from 3:00 pm to 8:00 pm<\/b><\/p>\n<p>We kindly ask you to let us know your expected time and to notify us in case of delays:[\/et_pb_text][\/et_pb_column][\/et_pb_row][et_pb_row column_structure=&#8221;1_4,1_4,1_4,1_4&#8243; _builder_version=&#8221;4.16&#8243; _module_preset=&#8221;default&#8221; global_colors_info=&#8221;{}&#8221;][et_pb_column type=&#8221;1_4&#8243; _builder_version=&#8221;4.16&#8243; _module_preset=&#8221;default&#8221; global_colors_info=&#8221;{}&#8221;][\/et_pb_column][et_pb_column type=&#8221;1_4&#8243; _builder_version=&#8221;4.16&#8243; _module_preset=&#8221;default&#8221; global_colors_info=&#8221;{}&#8221;][et_pb_blurb title=&#8221;Francesca&#8221; use_icon=&#8221;on&#8221; font_icon=&#8221;&#xe090;||divi||400&#8243; _builder_version=&#8221;4.27.4&#8243; _module_preset=&#8221;eacac3df-20cd-434b-8216-dc691098a023&#8243; global_colors_info=&#8221;{}&#8221;]<\/p>\n<p><a href=\"tel:3403092760\">+39 340 30 92 760<\/a><\/p>\n<p>[\/et_pb_blurb][\/et_pb_column][et_pb_column type=&#8221;1_4&#8243; _builder_version=&#8221;4.16&#8243; _module_preset=&#8221;default&#8221; global_colors_info=&#8221;{}&#8221;][et_pb_blurb title=&#8221;Lorenzo&#8221; use_icon=&#8221;on&#8221; font_icon=&#8221;&#xe090;||divi||400&#8243; _builder_version=&#8221;4.16&#8243; _module_preset=&#8221;eacac3df-20cd-434b-8216-dc691098a023&#8243; global_colors_info=&#8221;{}&#8221;]<a href=\"tel:3388559958\">+39 338 85 59 958<\/a>[\/et_pb_blurb][\/et_pb_column][et_pb_column type=&#8221;1_4&#8243; _builder_version=&#8221;4.16&#8243; _module_preset=&#8221;default&#8221; global_colors_info=&#8221;{}&#8221;][\/et_pb_column][\/et_pb_row][et_pb_row _builder_version=&#8221;4.16&#8243; _module_preset=&#8221;default&#8221; global_colors_info=&#8221;{}&#8221;][et_pb_column type=&#8221;4_4&#8243; _builder_version=&#8221;4.16&#8243; _module_preset=&#8221;default&#8221; global_colors_info=&#8221;{}&#8221;][et_pb_text _builder_version=&#8221;4.27.4&#8243; _module_preset=&#8221;default&#8221; text_orientation=&#8221;center&#8221; hover_enabled=&#8221;0&#8243; global_colors_info=&#8221;{}&#8221; sticky_enabled=&#8221;0&#8243;]<\/p>\n<h4><strong>Check-in after 8:00 PM:<\/strong><\/h4>\n<p>upon request only, with a \u20ac20 surcharge.<\/p>\n<p>[\/et_pb_text][et_pb_text disabled_on=&#8221;on|on|on&#8221; _builder_version=&#8221;4.27.4&#8243; _module_preset=&#8221;default&#8221; text_font=&#8221;||||||||&#8221; text_text_color=&#8221;#000000&#8243; header_text_color=&#8221;#000000&#8243; hover_enabled=&#8221;0&#8243; disabled=&#8221;on&#8221; global_colors_info=&#8221;{}&#8221; sticky_enabled=&#8221;0&#8243;]Check-ins after 8:00 PM must be arranged with us in advance and incur a \u20ac20.00 surcharge. Upon arrival, all guests are required to present a valid ID for registration.<\/p>\n<p>A set of linens (sheets and towels) will be provided upon arrival. For stays longer than a week, a free linen change is provided. An additional linen change can be requested for a fee of \u20ac8.00 per person.[\/et_pb_text][et_pb_text _builder_version=&#8221;4.27.4&#8243; _module_preset=&#8221;default&#8221; header_4_text_color=&#8221;#289548&#8243; header_4_font_size=&#8221;20px&#8221; text_orientation=&#8221;center&#8221; hover_enabled=&#8221;0&#8243; global_colors_info=&#8221;{}&#8221; sticky_enabled=&#8221;0&#8243;]<\/p>\n<h4>Departure<\/h4>\n<p class=\"tw-data-text tw-text-large tw-ta\" data-placeholder=\"Traduzione\" id=\"tw-target-text\" role=\"text\" data-ved=\"2ahUKEwjatrjCl_STAxUWX0EAHQx2FCMQ3ewLegQIDBAV\" dir=\"ltr\" aria-label=\"Testo tradotto: by 10:00 am on the day of check-out\" tabindex=\"-1\"><span class=\"Y2IQFc\" lang=\"en\">by 10:00 am on the day of check-out<\/span><\/p>\n<p>[\/et_pb_text][et_pb_text _builder_version=&#8221;4.27.4&#8243; _module_preset=&#8221;default&#8221; text_orientation=&#8221;center&#8221; hover_enabled=&#8221;0&#8243; global_colors_info=&#8221;{}&#8221; sticky_enabled=&#8221;0&#8243;]<\/p>\n<p><strong>Late check-out<\/strong> (to 6:00 pm):<\/p>\n<p class=\"tw-data-text tw-text-large tw-ta\" data-placeholder=\"Traduzione\" id=\"tw-target-text\" role=\"text\" data-ved=\"2ahUKEwjatrjCl_STAxUWX0EAHQx2FCMQ3ewLegQIDBAV\" dir=\"ltr\" aria-label=\"Testo tradotto: upon request and subject to availability, with a supplement of \u20ac50.\" tabindex=\"-1\"><span class=\"Y2IQFc\" lang=\"en\">upon request and subject to availability, with a supplement of \u20ac50.<\/span><\/p>\n<p>[\/et_pb_text][\/et_pb_column][\/et_pb_row][et_pb_row column_structure=&#8221;1_2,1_2&#8243; _builder_version=&#8221;4.16&#8243; _module_preset=&#8221;default&#8221; global_colors_info=&#8221;{}&#8221;][et_pb_column type=&#8221;1_2&#8243; _builder_version=&#8221;4.16&#8243; _module_preset=&#8221;default&#8221; global_colors_info=&#8221;{}&#8221;][et_pb_blurb title=&#8221;Breakfast&#8221; image=&#8221;https:\/\/www.casacirio.it\/wp-content\/uploads\/2026\/03\/20250712_080934.jpg&#8221; content_max_width=&#8221;514px&#8221; _builder_version=&#8221;4.27.4&#8243; _module_preset=&#8221;11089850-5dfe-410f-a9f4-3fca257c5167&#8243; hover_enabled=&#8221;0&#8243; global_colors_info=&#8221;{}&#8221; sticky_enabled=&#8221;0&#8243;]<\/p>\n<p><span>Included in your stay, it is served in the breakfast room or on the outdoor patio from 8:00 to 9:30.<\/span><\/p>\n<p>[\/et_pb_blurb][\/et_pb_column][et_pb_column type=&#8221;1_2&#8243; _builder_version=&#8221;4.16&#8243; _module_preset=&#8221;default&#8221; global_colors_info=&#8221;{}&#8221;][et_pb_blurb title=&#8221;Common room&#8221; image=&#8221;https:\/\/www.casacirio.it\/wp-content\/uploads\/2025\/06\/95A9382-1-e1776489123183.jpg&#8221; content_max_width=&#8221;603px&#8221; _builder_version=&#8221;4.27.4&#8243; _module_preset=&#8221;11089850-5dfe-410f-a9f4-3fca257c5167&#8243; transform_scale=&#8221;98%|98%&#8221; hover_enabled=&#8221;0&#8243; global_colors_info=&#8221;{}&#8221; sticky_enabled=&#8221;0&#8243; title_text=&#8221;_95A9382&#8243; transform_translate=&#8221;0px|-4px&#8221;]<\/p>\n<p>We kindly ask you to maintain a certain level of order and cleanliness when using the common room and refrigerator.<\/p>\n<p>[\/et_pb_blurb][\/et_pb_column][\/et_pb_row][et_pb_row column_structure=&#8221;1_2,1_2&#8243; make_equal=&#8221;on&#8221; _builder_version=&#8221;4.27.4&#8243; _module_preset=&#8221;default&#8221; custom_css_main_element=&#8221;align-items:center;&#8221; global_colors_info=&#8221;{}&#8221;][et_pb_column type=&#8221;1_2&#8243; _builder_version=&#8221;4.27.4&#8243; _module_preset=&#8221;default&#8221; global_colors_info=&#8221;{}&#8221;][et_pb_blurb title=&#8221;Payments&#8221; use_icon=&#8221;on&#8221; font_icon=&#8221;&#x70;||divi||400&#8243; _builder_version=&#8221;4.27.4&#8243; _module_preset=&#8221;8c666b49-7c37-45dc-8832-e49f5d0bb595&#8243; hover_enabled=&#8221;0&#8243; global_colors_info=&#8221;{}&#8221; sticky_enabled=&#8221;0&#8243;]<\/p>\n<p>The balance must be paid by the evening before departure. We accept:<\/p>\n<p>Cash<br \/>Credit and debit cards<br \/>Satispay<br \/>Bank transfer<\/p>\n<p>[\/et_pb_blurb][et_pb_blurb title=&#8221;Cancellation policy&#8221; use_icon=&#8221;on&#8221; font_icon=&#8221;&#x4d;||divi||400&#8243; content_max_width=&#8221;100%&#8221; _builder_version=&#8221;4.27.4&#8243; _module_preset=&#8221;8c666b49-7c37-45dc-8832-e49f5d0bb595&#8243; hover_enabled=&#8221;0&#8243; global_colors_info=&#8221;{}&#8221; sticky_enabled=&#8221;0&#8243;]<\/p>\n<p>Full refund for cancellations made at least 7 days in advance (14 days from June to September and during holidays).<br \/>Late cancellations or no-shows will be charged 50% of the amount.<\/p>\n<p>[\/et_pb_blurb][et_pb_blurb title=&#8221;No smoking&#8221; use_icon=&#8221;on&#8221; font_icon=&#8221;&#xf48d;||fa||900&#8243; content_max_width=&#8221;100%&#8221; disabled_on=&#8221;on|on|on&#8221; _builder_version=&#8221;4.17.6&#8243; _module_preset=&#8221;eacac3df-20cd-434b-8216-dc691098a023&#8243; disabled=&#8221;on&#8221; global_colors_info=&#8221;{}&#8221;]<\/p>\n<p>Smoking is prohibited in any area of the facility.<\/p>\n<p>[\/et_pb_blurb][\/et_pb_column][et_pb_column type=&#8221;1_2&#8243; _builder_version=&#8221;4.27.4&#8243; _module_preset=&#8221;default&#8221; global_colors_info=&#8221;{}&#8221;][et_pb_blurb title=&#8221;Pets&#8221; use_icon=&#8221;on&#8221; font_icon=&#8221;&#xf1b0;||fa||900&#8243; content_max_width=&#8221;100%&#8221; _builder_version=&#8221;4.27.4&#8243; _module_preset=&#8221;eacac3df-20cd-434b-8216-dc691098a023&#8243; hover_enabled=&#8221;0&#8243; global_colors_info=&#8221;{}&#8221; sticky_enabled=&#8221;0&#8243;]We welcome your four-legged friends, with prior authorization, for a one-time fee of \u20ac20. We ask that you respect hygiene and common sense rules: no beds or sofas.[\/et_pb_blurb][et_pb_blurb title=&#8221;Luggage storage&#8221; use_icon=&#8221;on&#8221; font_icon=&#8221;&#xf0f2;||fa||900&#8243; content_max_width=&#8221;100%&#8221; _builder_version=&#8221;4.27.4&#8243; _module_preset=&#8221;eacac3df-20cd-434b-8216-dc691098a023&#8243; hover_enabled=&#8221;0&#8243; global_colors_info=&#8221;{}&#8221; sticky_enabled=&#8221;0&#8243;]You can leave your luggage at the property and collect it by 6:00 PM on the day of departure, at no additional cost.[\/et_pb_blurb][et_pb_blurb title=&#8221;Wi-Fi&#8221; use_icon=&#8221;on&#8221; font_icon=&#8221;&#xe09e;||divi||400&#8243; content_max_width=&#8221;100%&#8221; _builder_version=&#8221;4.27.4&#8243; _module_preset=&#8221;eacac3df-20cd-434b-8216-dc691098a023&#8243; hover_enabled=&#8221;0&#8243; global_colors_info=&#8221;{}&#8221; sticky_enabled=&#8221;0&#8243;]Available free of charge in common areas.<br \/>\nNetwork: casacirio_guest<br \/>\nAsk for the password upon arrival.[\/et_pb_blurb][\/et_pb_column][\/et_pb_row][et_pb_row column_structure=&#8221;1_3,1_3,1_3&#8243; _builder_version=&#8221;4.16&#8243; _module_preset=&#8221;default&#8221; global_colors_info=&#8221;{}&#8221;][et_pb_column type=&#8221;1_3&#8243; _builder_version=&#8221;4.16&#8243; _module_preset=&#8221;default&#8221; global_colors_info=&#8221;{}&#8221;][et_pb_text _builder_version=&#8221;4.27.4&#8243; _module_preset=&#8221;default&#8221; hover_enabled=&#8221;0&#8243; global_colors_info=&#8221;{}&#8221; sticky_enabled=&#8221;0&#8243;]<\/p>\n<h2><strong>Respect for Peace<\/strong><\/h2>\n<p>CasaCirio is a haven of peace: we ask that you maintain respectful and quiet behavior, especially from 11:00 PM to 8:00 AM.<\/p>\n<p>[\/et_pb_text][\/et_pb_column][et_pb_column type=&#8221;1_3&#8243; _builder_version=&#8221;4.16&#8243; _module_preset=&#8221;default&#8221; global_colors_info=&#8221;{}&#8221;][et_pb_text _builder_version=&#8221;4.27.4&#8243; _module_preset=&#8221;default&#8221; hover_enabled=&#8221;0&#8243; global_colors_info=&#8221;{}&#8221; sticky_enabled=&#8221;0&#8243;]<\/p>\n<h2><strong>Respect for the environment<\/strong><\/h2>\n<p>Reduce water and energy consumption by turning off lights and air conditioning when not needed.<br \/>Recycle your waste using the designated bins: you&#8217;ll find them in the common room and in the gray chest at the entrance (Via Bolla).<br \/>Smoking is prohibited in all indoor areas.<\/p>\n<p>[\/et_pb_text][\/et_pb_column][et_pb_column type=&#8221;1_3&#8243; _builder_version=&#8221;4.16&#8243; _module_preset=&#8221;default&#8221; global_colors_info=&#8221;{}&#8221;][et_pb_text _builder_version=&#8221;4.27.4&#8243; _module_preset=&#8221;default&#8221; hover_enabled=&#8221;0&#8243; global_colors_info=&#8221;{}&#8221; sticky_enabled=&#8221;0&#8243;]<\/p>\n<h2>Extra Experiences<\/h2>\n<p>If you stay at the right time, you can experience harvesting in our fields or discover our apiary up close: ask us for more information!<\/p>\n<p>[\/et_pb_text][\/et_pb_column][\/et_pb_row][et_pb_row disabled_on=&#8221;on|on|on&#8221; _builder_version=&#8221;4.16&#8243; _module_preset=&#8221;default&#8221; disabled=&#8221;on&#8221; global_colors_info=&#8221;{}&#8221;][et_pb_column type=&#8221;4_4&#8243; _builder_version=&#8221;4.16&#8243; _module_preset=&#8221;default&#8221; global_colors_info=&#8221;{}&#8221;][et_pb_text _builder_version=&#8221;4.16&#8243; _module_preset=&#8221;default&#8221; text_font_size=&#8221;20px&#8221; global_colors_info=&#8221;{}&#8221;]<\/p>\n<p>We are always available for any information or requests. <\/p>\n<p>Enjoy your stay!<\/p>\n<p style=\"text-align: right;\"><em>Francesca and Lorenzo<\/em><\/p>\n<p>[\/et_pb_text][\/et_pb_column][\/et_pb_row][\/et_pb_section]<\/p>\n","protected":false},"excerpt":{"rendered":"<p>Dear Guests, To make your stay with us as pleasant as possible, we believe it is helpful to provide you with some functional and structural information. Arrival and departure timesArrival from 3:00 pm to 8:00 pm We kindly ask you to let us know your expected time and to notify us in case of delays:+39 [&hellip;]<\/p>\n","protected":false},"author":2,"featured_media":531,"parent":0,"menu_order":0,"comment_status":"closed","ping_status":"closed","template":"","meta":{"_et_pb_use_builder":"on","_et_pb_old_content":"","_et_gb_content_width":"","footnotes":""},"class_list":["post-548","page","type-page","status-publish","has-post-thumbnail","hentry"],"yoast_head":"<!-- This site is optimized with the Yoast SEO plugin v25.3.1 - https:\/\/yoast.com\/wordpress\/plugins\/seo\/ -->\n<title>Regulation - Casa Cirio Agritourism<\/title>\n<meta name=\"robots\" content=\"index, follow, max-snippet:-1, max-image-preview:large, max-video-preview:-1\" \/>\n<link rel=\"canonical\" href=\"https:\/\/www.casacirio.it\/en\/regulation\/\" \/>\n<meta property=\"og:locale\" content=\"en_US\" \/>\n<meta property=\"og:type\" content=\"article\" \/>\n<meta property=\"og:title\" content=\"Regulation - Casa Cirio Agritourism\" \/>\n<meta property=\"og:description\" content=\"Dear Guests, To make your stay with us as pleasant as possible, we believe it is helpful to provide you with some functional and structural information. Arrival and departure timesArrival from 3:00 pm to 8:00 pm We kindly ask you to let us know your expected time and to notify us in case of delays:+39 [&hellip;]\" \/>\n<meta property=\"og:url\" content=\"https:\/\/www.casacirio.it\/en\/regulation\/\" \/>\n<meta property=\"og:site_name\" content=\"Casa Cirio Agritourism\" \/>\n<meta property=\"article:modified_time\" content=\"2026-04-18T05:28:34+00:00\" \/>\n<meta property=\"og:image\" content=\"https:\/\/www.casacirio.it\/wp-content\/uploads\/2021\/07\/sfondo-ospitalita\u0300.jpg\" \/>\n\t<meta property=\"og:image:width\" content=\"1920\" \/>\n\t<meta property=\"og:image:height\" content=\"1080\" \/>\n\t<meta property=\"og:image:type\" content=\"image\/jpeg\" \/>\n<meta name=\"twitter:card\" content=\"summary_large_image\" \/>\n<meta name=\"twitter:label1\" content=\"Est. reading time\" \/>\n\t<meta name=\"twitter:data1\" content=\"7 minutes\" \/>\n<script type=\"application\/ld+json\" class=\"yoast-schema-graph\">{\"@context\":\"https:\/\/schema.org\",\"@graph\":[{\"@type\":\"WebPage\",\"@id\":\"https:\/\/www.casacirio.it\/en\/regulation\/\",\"url\":\"https:\/\/www.casacirio.it\/en\/regulation\/\",\"name\":\"Regulation - Casa Cirio Agritourism\",\"isPartOf\":{\"@id\":\"https:\/\/www.casacirio.it\/en\/#website\"},\"primaryImageOfPage\":{\"@id\":\"https:\/\/www.casacirio.it\/en\/regulation\/#primaryimage\"},\"image\":{\"@id\":\"https:\/\/www.casacirio.it\/en\/regulation\/#primaryimage\"},\"thumbnailUrl\":\"https:\/\/www.casacirio.it\/wp-content\/uploads\/2021\/07\/sfondo-ospitalita\u0300.jpg\",\"datePublished\":\"2021-07-19T07:40:43+00:00\",\"dateModified\":\"2026-04-18T05:28:34+00:00\",\"breadcrumb\":{\"@id\":\"https:\/\/www.casacirio.it\/en\/regulation\/#breadcrumb\"},\"inLanguage\":\"en-US\",\"potentialAction\":[{\"@type\":\"ReadAction\",\"target\":[\"https:\/\/www.casacirio.it\/en\/regulation\/\"]}]},{\"@type\":\"ImageObject\",\"inLanguage\":\"en-US\",\"@id\":\"https:\/\/www.casacirio.it\/en\/regulation\/#primaryimage\",\"url\":\"https:\/\/www.casacirio.it\/wp-content\/uploads\/2021\/07\/sfondo-ospitalita\u0300.jpg\",\"contentUrl\":\"https:\/\/www.casacirio.it\/wp-content\/uploads\/2021\/07\/sfondo-ospitalita\u0300.jpg\",\"width\":1920,\"height\":1080},{\"@type\":\"BreadcrumbList\",\"@id\":\"https:\/\/www.casacirio.it\/en\/regulation\/#breadcrumb\",\"itemListElement\":[{\"@type\":\"ListItem\",\"position\":1,\"name\":\"Home\",\"item\":\"https:\/\/www.casacirio.it\/en\/\"},{\"@type\":\"ListItem\",\"position\":2,\"name\":\"Regulation\"}]},{\"@type\":\"WebSite\",\"@id\":\"https:\/\/www.casacirio.it\/en\/#website\",\"url\":\"https:\/\/www.casacirio.it\/en\/\",\"name\":\"Casa Cirio Agritourism\",\"description\":\"L\u2019aria pi\u00f9 buona \u00e8 l\u00e0 dove si incontra  l\u2019aria di mare con quella del Melogno\",\"potentialAction\":[{\"@type\":\"SearchAction\",\"target\":{\"@type\":\"EntryPoint\",\"urlTemplate\":\"https:\/\/www.casacirio.it\/en\/?s={search_term_string}\"},\"query-input\":{\"@type\":\"PropertyValueSpecification\",\"valueRequired\":true,\"valueName\":\"search_term_string\"}}],\"inLanguage\":\"en-US\"}]}<\/script>\n<!-- \/ Yoast SEO plugin. -->","yoast_head_json":{"title":"Regulation - Casa Cirio Agritourism","robots":{"index":"index","follow":"follow","max-snippet":"max-snippet:-1","max-image-preview":"max-image-preview:large","max-video-preview":"max-video-preview:-1"},"canonical":"https:\/\/www.casacirio.it\/en\/regulation\/","og_locale":"en_US","og_type":"article","og_title":"Regulation - Casa Cirio Agritourism","og_description":"Dear Guests, To make your stay with us as pleasant as possible, we believe it is helpful to provide you with some functional and structural information. Arrival and departure timesArrival from 3:00 pm to 8:00 pm We kindly ask you to let us know your expected time and to notify us in case of delays:+39 [&hellip;]","og_url":"https:\/\/www.casacirio.it\/en\/regulation\/","og_site_name":"Casa Cirio Agritourism","article_modified_time":"2026-04-18T05:28:34+00:00","og_image":[{"width":1920,"height":1080,"url":"https:\/\/www.casacirio.it\/wp-content\/uploads\/2021\/07\/sfondo-ospitalita\u0300.jpg","type":"image\/jpeg"}],"twitter_card":"summary_large_image","twitter_misc":{"Est. reading time":"7 minutes"},"schema":{"@context":"https:\/\/schema.org","@graph":[{"@type":"WebPage","@id":"https:\/\/www.casacirio.it\/en\/regulation\/","url":"https:\/\/www.casacirio.it\/en\/regulation\/","name":"Regulation - Casa Cirio Agritourism","isPartOf":{"@id":"https:\/\/www.casacirio.it\/en\/#website"},"primaryImageOfPage":{"@id":"https:\/\/www.casacirio.it\/en\/regulation\/#primaryimage"},"image":{"@id":"https:\/\/www.casacirio.it\/en\/regulation\/#primaryimage"},"thumbnailUrl":"https:\/\/www.casacirio.it\/wp-content\/uploads\/2021\/07\/sfondo-ospitalita\u0300.jpg","datePublished":"2021-07-19T07:40:43+00:00","dateModified":"2026-04-18T05:28:34+00:00","breadcrumb":{"@id":"https:\/\/www.casacirio.it\/en\/regulation\/#breadcrumb"},"inLanguage":"en-US","potentialAction":[{"@type":"ReadAction","target":["https:\/\/www.casacirio.it\/en\/regulation\/"]}]},{"@type":"ImageObject","inLanguage":"en-US","@id":"https:\/\/www.casacirio.it\/en\/regulation\/#primaryimage","url":"https:\/\/www.casacirio.it\/wp-content\/uploads\/2021\/07\/sfondo-ospitalita\u0300.jpg","contentUrl":"https:\/\/www.casacirio.it\/wp-content\/uploads\/2021\/07\/sfondo-ospitalita\u0300.jpg","width":1920,"height":1080},{"@type":"BreadcrumbList","@id":"https:\/\/www.casacirio.it\/en\/regulation\/#breadcrumb","itemListElement":[{"@type":"ListItem","position":1,"name":"Home","item":"https:\/\/www.casacirio.it\/en\/"},{"@type":"ListItem","position":2,"name":"Regulation"}]},{"@type":"WebSite","@id":"https:\/\/www.casacirio.it\/en\/#website","url":"https:\/\/www.casacirio.it\/en\/","name":"Casa Cirio Agritourism","description":"L\u2019aria pi\u00f9 buona \u00e8 l\u00e0 dove si incontra  l\u2019aria di mare con quella del Melogno","potentialAction":[{"@type":"SearchAction","target":{"@type":"EntryPoint","urlTemplate":"https:\/\/www.casacirio.it\/en\/?s={search_term_string}"},"query-input":{"@type":"PropertyValueSpecification","valueRequired":true,"valueName":"search_term_string"}}],"inLanguage":"en-US"}]}},"_links":{"self":[{"href":"https:\/\/www.casacirio.it\/en\/wp-json\/wp\/v2\/pages\/548","targetHints":{"allow":["GET"]}}],"collection":[{"href":"https:\/\/www.casacirio.it\/en\/wp-json\/wp\/v2\/pages"}],"about":[{"href":"https:\/\/www.casacirio.it\/en\/wp-json\/wp\/v2\/types\/page"}],"author":[{"embeddable":true,"href":"https:\/\/www.casacirio.it\/en\/wp-json\/wp\/v2\/users\/2"}],"replies":[{"embeddable":true,"href":"https:\/\/www.casacirio.it\/en\/wp-json\/wp\/v2\/comments?post=548"}],"version-history":[{"count":4,"href":"https:\/\/www.casacirio.it\/en\/wp-json\/wp\/v2\/pages\/548\/revisions"}],"predecessor-version":[{"id":1069,"href":"https:\/\/www.casacirio.it\/en\/wp-json\/wp\/v2\/pages\/548\/revisions\/1069"}],"wp:featuredmedia":[{"embeddable":true,"href":"https:\/\/www.casacirio.it\/en\/wp-json\/wp\/v2\/media\/531"}],"wp:attachment":[{"href":"https:\/\/www.casacirio.it\/en\/wp-json\/wp\/v2\/media?parent=548"}],"curies":[{"name":"wp","href":"https:\/\/api.w.org\/{rel}","templated":true}]}}