{"id":645,"date":"2025-06-30T17:29:14","date_gmt":"2025-06-30T15:29:14","guid":{"rendered":"https:\/\/www.casacirio.it\/?page_id=645"},"modified":"2026-04-17T07:45:11","modified_gmt":"2026-04-17T05:45:11","slug":"home-3","status":"publish","type":"page","link":"https:\/\/www.casacirio.it\/en\/home-3\/","title":{"rendered":"CasaCirio: a family story, rooted in a passion for nature."},"content":{"rendered":"<p>[et_pb_section fb_built=&#8221;1&#8243; disabled_on=&#8221;off|off|off&#8221; module_id=&#8221;intro&#8221; _builder_version=&#8221;4.17.6&#8243; global_colors_info=&#8221;{}&#8221;][et_pb_row column_structure=&#8221;1_2,1_2&#8243; use_custom_gutter=&#8221;on&#8221; make_equal=&#8221;on&#8221; custom_padding_last_edited=&#8221;on|tablet&#8221; _builder_version=&#8221;4.27.4&#8243; custom_padding=&#8221;|0%||10%|false|false&#8221; custom_padding_tablet=&#8221;|10%||10%|false|false&#8221; custom_padding_phone=&#8221;&#8221; custom_css_main_element=&#8221;align-items: center;&#8221; global_colors_info=&#8221;{}&#8221;][et_pb_column type=&#8221;1_2&#8243; _builder_version=&#8221;4.16&#8243; custom_padding=&#8221;||||false|false&#8221; global_colors_info=&#8221;{}&#8221;][et_pb_text quote_border_color=&#8221;#289548&#8243; _builder_version=&#8221;4.27.4&#8243; custom_margin=&#8221;||||false|false&#8221; global_colors_info=&#8221;{}&#8221;]<\/p>\n<h3>We are Lorenzo and Francesca , two siblings raised with passion for nature and a deep connection to this land .<\/h3>\n<p>After years spent studying and working in the city , we felt the strong call of our roots. So , we decided to come back here , to Vene, to breath new life into our grandarents&#8217; lands and carry on the family&#8217;s agricultural tradition.<\/p>\n<p>[\/et_pb_text][et_pb_text quote_border_color=&#8221;#289548&#8243; disabled_on=&#8221;on|on|on&#8221; _builder_version=&#8221;4.27.4&#8243; custom_margin=&#8221;||||false|false&#8221; disabled=&#8221;on&#8221; global_colors_info=&#8221;{}&#8221;]<\/p>\n<h3>Our holiday farm is right here!<\/h3>\n<p><strong>We are two siblings, Lorenzo and Francesca, with a passion for nature<\/strong>.<\/p>\n<p>I\u2019m Lorenzo. After earning a Master\u2019s degree in Agriculture and working as a researcher at the University of Milan, I chose to dedicate myself to caring for our olive groves and the typical crops of this land.<br \/>I\u2019m Francesca. I graduated in Geography in Turin with a thesis on bees and urban beekeeping. I started by installing hives on city balconies for environmental biomonitoring, and today I continue to nurture this passion here at CasaCirio.<\/p>\n<p><strong>An ancient farmhouse from the late 1700s<\/strong>, which our parents have renovated over the years to enhance and preserve the history of our family, overlooks our underlying lands.<\/p>\n<blockquote>\n<p><em>We have chosen to live here for the beauty of the valley, for the climate, for nature, for the sight of olive tree tops caressed by the wind, and because our roots are here<\/em>.<\/p>\n<\/blockquote>\n<p>[\/et_pb_text][\/et_pb_column][et_pb_column type=&#8221;1_2&#8243; _builder_version=&#8221;4.16&#8243; global_colors_info=&#8221;{}&#8221;][et_pb_image src=&#8221;https:\/\/www.casacirio.it\/wp-content\/uploads\/2025\/06\/Tavola-disegno-1.jpg&#8221; title_text=&#8221;Tavola disegno 1&#8243; _builder_version=&#8221;4.27.4&#8243; animation_style=&#8221;slide&#8221; animation_direction=&#8221;right&#8221; global_colors_info=&#8221;{}&#8221;][\/et_pb_image][\/et_pb_column][\/et_pb_row][\/et_pb_section][et_pb_section fb_built=&#8221;1&#8243; disabled_on=&#8221;off|off|off&#8221; admin_label=&#8221;siamo due fratelli&#8221; _builder_version=&#8221;4.27.4&#8243; background_color=&#8221;#2c140b&#8221; positioning=&#8221;none&#8221; custom_margin=&#8221;60px||-60px||false|false&#8221; global_colors_info=&#8221;{}&#8221;][et_pb_row column_structure=&#8221;1_2,1_2&#8243; make_equal=&#8221;on&#8221; _builder_version=&#8221;4.27.4&#8243; transform_translate=&#8221;0px|-137px&#8221; transform_translate_linked=&#8221;off&#8221; collapsed=&#8221;off&#8221; global_colors_info=&#8221;{}&#8221;][et_pb_column type=&#8221;1_2&#8243; _builder_version=&#8221;4.27.4&#8243; _module_preset=&#8221;15f9ca2d-abf5-4240-8b4c-e03ff32c18f3&#8243; global_colors_info=&#8221;{}&#8221;][et_pb_blurb title=&#8221;I&apos;m Francesca&#8221; image=&#8221;https:\/\/www.casacirio.it\/wp-content\/uploads\/2025\/06\/Tavola-disegno-2.jpg&#8221; icon_placement=&#8221;left&#8221; image_icon_width=&#8221;153px&#8221; _builder_version=&#8221;4.27.4&#8243; _module_preset=&#8221;default&#8221; border_radii_image=&#8221;on|100px|100px|100px|100px&#8221; global_colors_info=&#8221;{}&#8221;]<\/p>\n<p>I graduated in Geography in Turin with a thesis on bees and urban beekeeping. I started by installing hives on city balconies for environmental biomonitoring, and today I continue to nurture this passion here at CasaCirio.<\/p>\n<p>[\/et_pb_blurb][\/et_pb_column][et_pb_column type=&#8221;1_2&#8243; _builder_version=&#8221;4.27.4&#8243; _module_preset=&#8221;15f9ca2d-abf5-4240-8b4c-e03ff32c18f3&#8243; global_colors_info=&#8221;{}&#8221;][et_pb_blurb title=&#8221;I&apos;m Lorenzo&#8221; image=&#8221;https:\/\/www.casacirio.it\/wp-content\/uploads\/2025\/06\/Tavola-disegno-2_1.jpg&#8221; icon_placement=&#8221;left&#8221; image_icon_width=&#8221;153px&#8221; _builder_version=&#8221;4.27.4&#8243; _module_preset=&#8221;default&#8221; border_radii_image=&#8221;on|100px|100px|100px|100px&#8221; global_colors_info=&#8221;{}&#8221;]<\/p>\n<p>After earning a Master\u2019s degree in Agriculture and working as a researcher at the University of Milan, I chose to dedicate myself to caring for our olive groves and the typical crops of this land.<\/p>\n<p>[\/et_pb_blurb][\/et_pb_column][\/et_pb_row][\/et_pb_section][et_pb_section fb_built=&#8221;1&#8243; _builder_version=&#8221;4.27.4&#8243; _module_preset=&#8221;default&#8221; global_colors_info=&#8221;{}&#8221;][et_pb_row _builder_version=&#8221;4.27.4&#8243; _module_preset=&#8221;default&#8221; custom_padding=&#8221;0px|10%|0px|10%|true|true&#8221; hover_enabled=&#8221;0&#8243; global_colors_info=&#8221;{}&#8221; sticky_enabled=&#8221;0&#8243;][et_pb_column type=&#8221;4_4&#8243; _builder_version=&#8221;4.27.4&#8243; _module_preset=&#8221;default&#8221; global_colors_info=&#8221;{}&#8221;][\/et_pb_column][\/et_pb_row][\/et_pb_section][et_pb_section fb_built=&#8221;1&#8243; _builder_version=&#8221;4.27.4&#8243; _module_preset=&#8221;default&#8221; background_image=&#8221;https:\/\/www.casacirio.it\/wp-content\/uploads\/2026\/03\/20240628_174210.jpg&#8221; hover_enabled=&#8221;0&#8243; global_colors_info=&#8221;{}&#8221; sticky_enabled=&#8221;0&#8243; title_text=&#8221;20240628_174210&#8243;][et_pb_row column_structure=&#8221;1_2,1_2&#8243; _builder_version=&#8221;4.27.4&#8243; _module_preset=&#8221;default&#8221; hover_enabled=&#8221;0&#8243; global_colors_info=&#8221;{}&#8221; sticky_enabled=&#8221;0&#8243;][et_pb_column type=&#8221;1_2&#8243; _builder_version=&#8221;4.27.4&#8243; _module_preset=&#8221;default&#8221; global_colors_info=&#8221;{}&#8221;][\/et_pb_column][et_pb_column type=&#8221;1_2&#8243; _builder_version=&#8221;4.27.4&#8243; _module_preset=&#8221;15f9ca2d-abf5-4240-8b4c-e03ff32c18f3&#8243; global_colors_info=&#8221;{}&#8221;][et_pb_text _builder_version=&#8221;4.27.4&#8243; _module_preset=&#8221;default&#8221; global_colors_info=&#8221;{}&#8221;]<\/p>\n<p>We chose to live here for the mild climate, the valley\u2019s silence, the breeze gently caressing the olive trees\u2019 leaves, and the beauty of authentic nature.<\/p>\n<p>Above all, we chose to stay here because this is where our roots are.<\/p>\n<p>[\/et_pb_text][\/et_pb_column][\/et_pb_row][\/et_pb_section][et_pb_section fb_built=&#8221;1&#8243; _builder_version=&#8221;4.27.4&#8243; _module_preset=&#8221;default&#8221; global_colors_info=&#8221;{}&#8221;][et_pb_row column_structure=&#8221;2_5,3_5&#8243; make_equal=&#8221;on&#8221; _builder_version=&#8221;4.27.4&#8243; _module_preset=&#8221;default&#8221; custom_css_main_element=&#8221;align-items:center;&#8221; global_colors_info=&#8221;{}&#8221;][et_pb_column type=&#8221;2_5&#8243; _builder_version=&#8221;4.27.4&#8243; _module_preset=&#8221;default&#8221; global_colors_info=&#8221;{}&#8221;][et_pb_image src=&#8221;https:\/\/www.casacirio.it\/wp-content\/uploads\/2026\/03\/foto-01-2.jpeg&#8221; title_text=&#8221;foto 01-2&#8243; _builder_version=&#8221;4.27.4&#8243; _module_preset=&#8221;default&#8221; animation_style=&#8221;slide&#8221; animation_direction=&#8221;left&#8221; hover_enabled=&#8221;0&#8243; global_colors_info=&#8221;{}&#8221; sticky_enabled=&#8221;0&#8243;][\/et_pb_image][\/et_pb_column][et_pb_column type=&#8221;3_5&#8243; _builder_version=&#8221;4.27.4&#8243; _module_preset=&#8221;default&#8221; global_colors_info=&#8221;{}&#8221;][et_pb_text _builder_version=&#8221;4.27.4&#8243; _module_preset=&#8221;default&#8221; text_orientation_tablet=&#8221;center&#8221; text_orientation_phone=&#8221;center&#8221; text_orientation_last_edited=&#8221;on|tablet&#8221; global_colors_info=&#8221;{}&#8221;]<\/p>\n<h2>CasaCirio was born from the desire to share this special place<\/h2>\n<p>an ancient farmhouse dating back to the late 18th century, lovingly restored over the years by our parents and ourselves, to preserve our family\u2019s memory and history. Surrounding us is a landscape that gifts us new emotions every day.<\/p>\n<p>[\/et_pb_text][\/et_pb_column][\/et_pb_row][\/et_pb_section][et_pb_section fb_built=&#8221;1&#8243; custom_padding_last_edited=&#8221;on|tablet&#8221; admin_label=&#8221;le nostre attivit\u00e0&#8221; module_id=&#8221;activities&#8221; _builder_version=&#8221;4.16&#8243; custom_margin=&#8221;||||false|false&#8221; custom_padding_tablet=&#8221;30px||||false|false&#8221; custom_padding_phone=&#8221;&#8221; global_colors_info=&#8221;{}&#8221;][et_pb_row _builder_version=&#8221;4.16&#8243; global_colors_info=&#8221;{}&#8221;][et_pb_column type=&#8221;4_4&#8243; _builder_version=&#8221;4.16&#8243; global_colors_info=&#8221;{}&#8221;][et_pb_text _builder_version=&#8221;4.27.4&#8243; text_font_size=&#8221;18px&#8221; text_orientation=&#8221;center&#8221; global_colors_info=&#8221;{}&#8221;]<\/p>\n<h2>Our values<\/h2>\n<p>Authenticity, simplicity, respect for the environment, love for the land, sincere hospitality.<br \/>CasaCirio is a refuge for those who, like us, seek the beauty of simple, genuine things made with heart.<\/p>\n<p><strong>We look forward to welcoming you at CasaCirio for a unique experience, surrounded by nature, traditions, and real flavors.<\/strong><\/p>\n<p>[\/et_pb_text][et_pb_button button_url=&#8221;https:\/\/www.casacirio.it\/#contattaci&#8221; button_text=&#8221;Contact us for your next stay&#8221; button_alignment=&#8221;center&#8221; _builder_version=&#8221;4.27.4&#8243; _module_preset=&#8221;default&#8221; global_colors_info=&#8221;{}&#8221;][\/et_pb_button][\/et_pb_column][\/et_pb_row][\/et_pb_section][et_pb_section fb_built=&#8221;1&#8243; inner_shadow=&#8221;on&#8221; admin_label=&#8221;ospitalit\u00e0&#8221; _builder_version=&#8221;4.27.4&#8243; use_background_color_gradient=&#8221;on&#8221; background_color_gradient_stops=&#8221;rgba(255,255,255,0.89) 0%|rgba(255,255,255,0) 100%&#8221; background_color_gradient_overlays_image=&#8221;on&#8221; background_color_gradient_start=&#8221;rgba(255,255,255,0.89)&#8221; background_color_gradient_end=&#8221;rgba(255,255,255,0)&#8221; background_image=&#8221;https:\/\/www.casacirio.it\/wp-content\/uploads\/2021\/07\/sfondo-ospitalita\u0300.jpg&#8221; background_position=&#8221;top_center&#8221; transform_scale_linked=&#8221;off&#8221; custom_padding=&#8221;||||false|false&#8221; bottom_divider_repeat=&#8221;1x&#8221; global_colors_info=&#8221;{}&#8221;][et_pb_row use_custom_gutter=&#8221;on&#8221; gutter_width=&#8221;2&#8243; make_equal=&#8221;on&#8221; _builder_version=&#8221;4.27.4&#8243; positioning=&#8221;none&#8221; position_origin_a=&#8221;top_center&#8221; vertical_offset=&#8221;-41px&#8221; global_colors_info=&#8221;{}&#8221;][et_pb_column type=&#8221;4_4&#8243; _builder_version=&#8221;4.27.4&#8243; background_color=&#8221;#ffffff&#8221; custom_padding=&#8221;4%|4%|4%|4%|true|true&#8221; animation_style=&#8221;slide&#8221; animation_direction=&#8221;right&#8221; box_shadow_style=&#8221;preset3&#8243; global_colors_info=&#8221;{}&#8221;][et_pb_blurb image=&#8221;https:\/\/www.casacirio.it\/wp-content\/uploads\/2025\/06\/nonna-Rosa.jpeg&#8221; image_icon_width=&#8221;300px&#8221; _builder_version=&#8221;4.27.4&#8243; _module_preset=&#8221;default&#8221; global_colors_info=&#8221;{}&#8221;]<\/p>\n<h3 style=\"text-align: center;\"><em>&#8220;The best air is where the sea breeze meets the Melogno wind.&#8221;<\/em><\/h3>\n<p style=\"text-align: center;\">Grandma Rosa, 104 years old<\/p>\n<p>[\/et_pb_blurb][\/et_pb_column][\/et_pb_row][\/et_pb_section]<\/p>\n","protected":false},"excerpt":{"rendered":"<p>We are Lorenzo and Francesca , two siblings raised with passion for nature and a deep connection to this land . After years spent studying and working in the city , we felt the strong call of our roots. So , we decided to come back here , to Vene, to breath new life into [&hellip;]<\/p>\n","protected":false},"author":2,"featured_media":760,"parent":0,"menu_order":0,"comment_status":"closed","ping_status":"closed","template":"","meta":{"_et_pb_use_builder":"on","_et_pb_old_content":"","_et_gb_content_width":"","footnotes":""},"class_list":["post-645","page","type-page","status-publish","has-post-thumbnail","hentry"],"yoast_head":"<!-- This site is optimized with the Yoast SEO plugin v25.3.1 - https:\/\/yoast.com\/wordpress\/plugins\/seo\/ -->\n<title>CasaCirio: a family story, rooted in a passion for nature. - Casa Cirio Agritourism<\/title>\n<meta name=\"robots\" content=\"index, follow, max-snippet:-1, max-image-preview:large, max-video-preview:-1\" \/>\n<link rel=\"canonical\" href=\"https:\/\/www.casacirio.it\/en\/home-3\/\" \/>\n<meta property=\"og:locale\" content=\"en_US\" \/>\n<meta property=\"og:type\" content=\"article\" \/>\n<meta property=\"og:title\" content=\"CasaCirio: a family story, rooted in a passion for nature. - Casa Cirio Agritourism\" \/>\n<meta property=\"og:description\" content=\"We are Lorenzo and Francesca , two siblings raised with passion for nature and a deep connection to this land . After years spent studying and working in the city , we felt the strong call of our roots. So , we decided to come back here , to Vene, to breath new life into [&hellip;]\" \/>\n<meta property=\"og:url\" content=\"https:\/\/www.casacirio.it\/en\/home-3\/\" \/>\n<meta property=\"og:site_name\" content=\"Casa Cirio Agritourism\" \/>\n<meta property=\"article:modified_time\" content=\"2026-04-17T05:45:11+00:00\" \/>\n<meta property=\"og:image\" content=\"https:\/\/www.casacirio.it\/wp-content\/uploads\/2026\/03\/IMG_1728-copia.jpg\" \/>\n\t<meta property=\"og:image:width\" content=\"1920\" \/>\n\t<meta property=\"og:image:height\" content=\"1280\" \/>\n\t<meta property=\"og:image:type\" content=\"image\/jpeg\" \/>\n<meta name=\"twitter:card\" content=\"summary_large_image\" \/>\n<meta name=\"twitter:label1\" content=\"Est. reading time\" \/>\n\t<meta name=\"twitter:data1\" content=\"7 minutes\" \/>\n<script type=\"application\/ld+json\" class=\"yoast-schema-graph\">{\"@context\":\"https:\/\/schema.org\",\"@graph\":[{\"@type\":\"WebPage\",\"@id\":\"https:\/\/www.casacirio.it\/en\/home-3\/\",\"url\":\"https:\/\/www.casacirio.it\/en\/home-3\/\",\"name\":\"CasaCirio: a family story, rooted in a passion for nature. - Casa Cirio Agritourism\",\"isPartOf\":{\"@id\":\"https:\/\/www.casacirio.it\/en\/#website\"},\"primaryImageOfPage\":{\"@id\":\"https:\/\/www.casacirio.it\/en\/home-3\/#primaryimage\"},\"image\":{\"@id\":\"https:\/\/www.casacirio.it\/en\/home-3\/#primaryimage\"},\"thumbnailUrl\":\"https:\/\/www.casacirio.it\/wp-content\/uploads\/2026\/03\/IMG_1728-copia.jpg\",\"datePublished\":\"2025-06-30T15:29:14+00:00\",\"dateModified\":\"2026-04-17T05:45:11+00:00\",\"breadcrumb\":{\"@id\":\"https:\/\/www.casacirio.it\/en\/home-3\/#breadcrumb\"},\"inLanguage\":\"en-US\",\"potentialAction\":[{\"@type\":\"ReadAction\",\"target\":[\"https:\/\/www.casacirio.it\/en\/home-3\/\"]}]},{\"@type\":\"ImageObject\",\"inLanguage\":\"en-US\",\"@id\":\"https:\/\/www.casacirio.it\/en\/home-3\/#primaryimage\",\"url\":\"https:\/\/www.casacirio.it\/wp-content\/uploads\/2026\/03\/IMG_1728-copia.jpg\",\"contentUrl\":\"https:\/\/www.casacirio.it\/wp-content\/uploads\/2026\/03\/IMG_1728-copia.jpg\",\"width\":1920,\"height\":1280},{\"@type\":\"BreadcrumbList\",\"@id\":\"https:\/\/www.casacirio.it\/en\/home-3\/#breadcrumb\",\"itemListElement\":[{\"@type\":\"ListItem\",\"position\":1,\"name\":\"Home\",\"item\":\"https:\/\/www.casacirio.it\/en\/\"},{\"@type\":\"ListItem\",\"position\":2,\"name\":\"CasaCirio: a family story, rooted in a passion for nature.\"}]},{\"@type\":\"WebSite\",\"@id\":\"https:\/\/www.casacirio.it\/en\/#website\",\"url\":\"https:\/\/www.casacirio.it\/en\/\",\"name\":\"Casa Cirio Agritourism\",\"description\":\"L\u2019aria pi\u00f9 buona \u00e8 l\u00e0 dove si incontra  l\u2019aria di mare con quella del Melogno\",\"potentialAction\":[{\"@type\":\"SearchAction\",\"target\":{\"@type\":\"EntryPoint\",\"urlTemplate\":\"https:\/\/www.casacirio.it\/en\/?s={search_term_string}\"},\"query-input\":{\"@type\":\"PropertyValueSpecification\",\"valueRequired\":true,\"valueName\":\"search_term_string\"}}],\"inLanguage\":\"en-US\"}]}<\/script>\n<!-- \/ Yoast SEO plugin. -->","yoast_head_json":{"title":"CasaCirio: a family story, rooted in a passion for nature. - Casa Cirio Agritourism","robots":{"index":"index","follow":"follow","max-snippet":"max-snippet:-1","max-image-preview":"max-image-preview:large","max-video-preview":"max-video-preview:-1"},"canonical":"https:\/\/www.casacirio.it\/en\/home-3\/","og_locale":"en_US","og_type":"article","og_title":"CasaCirio: a family story, rooted in a passion for nature. - Casa Cirio Agritourism","og_description":"We are Lorenzo and Francesca , two siblings raised with passion for nature and a deep connection to this land . After years spent studying and working in the city , we felt the strong call of our roots. So , we decided to come back here , to Vene, to breath new life into [&hellip;]","og_url":"https:\/\/www.casacirio.it\/en\/home-3\/","og_site_name":"Casa Cirio Agritourism","article_modified_time":"2026-04-17T05:45:11+00:00","og_image":[{"width":1920,"height":1280,"url":"https:\/\/www.casacirio.it\/wp-content\/uploads\/2026\/03\/IMG_1728-copia.jpg","type":"image\/jpeg"}],"twitter_card":"summary_large_image","twitter_misc":{"Est. reading time":"7 minutes"},"schema":{"@context":"https:\/\/schema.org","@graph":[{"@type":"WebPage","@id":"https:\/\/www.casacirio.it\/en\/home-3\/","url":"https:\/\/www.casacirio.it\/en\/home-3\/","name":"CasaCirio: a family story, rooted in a passion for nature. - Casa Cirio Agritourism","isPartOf":{"@id":"https:\/\/www.casacirio.it\/en\/#website"},"primaryImageOfPage":{"@id":"https:\/\/www.casacirio.it\/en\/home-3\/#primaryimage"},"image":{"@id":"https:\/\/www.casacirio.it\/en\/home-3\/#primaryimage"},"thumbnailUrl":"https:\/\/www.casacirio.it\/wp-content\/uploads\/2026\/03\/IMG_1728-copia.jpg","datePublished":"2025-06-30T15:29:14+00:00","dateModified":"2026-04-17T05:45:11+00:00","breadcrumb":{"@id":"https:\/\/www.casacirio.it\/en\/home-3\/#breadcrumb"},"inLanguage":"en-US","potentialAction":[{"@type":"ReadAction","target":["https:\/\/www.casacirio.it\/en\/home-3\/"]}]},{"@type":"ImageObject","inLanguage":"en-US","@id":"https:\/\/www.casacirio.it\/en\/home-3\/#primaryimage","url":"https:\/\/www.casacirio.it\/wp-content\/uploads\/2026\/03\/IMG_1728-copia.jpg","contentUrl":"https:\/\/www.casacirio.it\/wp-content\/uploads\/2026\/03\/IMG_1728-copia.jpg","width":1920,"height":1280},{"@type":"BreadcrumbList","@id":"https:\/\/www.casacirio.it\/en\/home-3\/#breadcrumb","itemListElement":[{"@type":"ListItem","position":1,"name":"Home","item":"https:\/\/www.casacirio.it\/en\/"},{"@type":"ListItem","position":2,"name":"CasaCirio: a family story, rooted in a passion for nature."}]},{"@type":"WebSite","@id":"https:\/\/www.casacirio.it\/en\/#website","url":"https:\/\/www.casacirio.it\/en\/","name":"Casa Cirio Agritourism","description":"L\u2019aria pi\u00f9 buona \u00e8 l\u00e0 dove si incontra  l\u2019aria di mare con quella del Melogno","potentialAction":[{"@type":"SearchAction","target":{"@type":"EntryPoint","urlTemplate":"https:\/\/www.casacirio.it\/en\/?s={search_term_string}"},"query-input":{"@type":"PropertyValueSpecification","valueRequired":true,"valueName":"search_term_string"}}],"inLanguage":"en-US"}]}},"_links":{"self":[{"href":"https:\/\/www.casacirio.it\/en\/wp-json\/wp\/v2\/pages\/645","targetHints":{"allow":["GET"]}}],"collection":[{"href":"https:\/\/www.casacirio.it\/en\/wp-json\/wp\/v2\/pages"}],"about":[{"href":"https:\/\/www.casacirio.it\/en\/wp-json\/wp\/v2\/types\/page"}],"author":[{"embeddable":true,"href":"https:\/\/www.casacirio.it\/en\/wp-json\/wp\/v2\/users\/2"}],"replies":[{"embeddable":true,"href":"https:\/\/www.casacirio.it\/en\/wp-json\/wp\/v2\/comments?post=645"}],"version-history":[{"count":6,"href":"https:\/\/www.casacirio.it\/en\/wp-json\/wp\/v2\/pages\/645\/revisions"}],"predecessor-version":[{"id":1049,"href":"https:\/\/www.casacirio.it\/en\/wp-json\/wp\/v2\/pages\/645\/revisions\/1049"}],"wp:featuredmedia":[{"embeddable":true,"href":"https:\/\/www.casacirio.it\/en\/wp-json\/wp\/v2\/media\/760"}],"wp:attachment":[{"href":"https:\/\/www.casacirio.it\/en\/wp-json\/wp\/v2\/media?parent=645"}],"curies":[{"name":"wp","href":"https:\/\/api.w.org\/{rel}","templated":true}]}}