{"id":663,"date":"2025-06-30T17:41:00","date_gmt":"2025-06-30T15:41:00","guid":{"rendered":"https:\/\/www.casacirio.it\/?page_id=663"},"modified":"2026-04-18T07:37:50","modified_gmt":"2026-04-18T05:37:50","slug":"home-4","status":"publish","type":"page","link":"https:\/\/www.casacirio.it\/en\/home-4\/","title":{"rendered":"The Services That Make Your Stay at CasaCirio Unique"},"content":{"rendered":"<p>[et_pb_section fb_built=&#8221;1&#8243; disabled_on=&#8221;off|off|off&#8221; module_id=&#8221;intro&#8221; _builder_version=&#8221;4.17.6&#8243; global_colors_info=&#8221;{}&#8221;][et_pb_row _builder_version=&#8221;4.27.4&#8243; _module_preset=&#8221;default&#8221; global_colors_info=&#8221;{}&#8221;][et_pb_column type=&#8221;4_4&#8243; _builder_version=&#8221;4.27.4&#8243; _module_preset=&#8221;default&#8221; global_colors_info=&#8221;{}&#8221;][et_pb_text quote_border_color=&#8221;#289548&#8243; _builder_version=&#8221;4.27.4&#8243; text_orientation=&#8221;center&#8221; custom_margin=&#8221;||||false|false&#8221; global_colors_info=&#8221;{}&#8221;]<\/p>\n<h3>At CasaCirio, every moment is designed to make you feel at home, surrounded by the nature and traditions of our charming inland area.<\/h3>\n<h3>Here are the services that enrich your experience with us.<\/h3>\n<p>[\/et_pb_text][\/et_pb_column][\/et_pb_row][\/et_pb_section][et_pb_section fb_built=&#8221;1&#8243; disabled_on=&#8221;off|off|off&#8221; admin_label=&#8221;come raggiungerci&#8221; _builder_version=&#8221;4.27.4&#8243; background_enable_color=&#8221;off&#8221; max_height_last_edited=&#8221;off|desktop&#8221; global_colors_info=&#8221;{}&#8221; max_height__hover_enabled=&#8221;off|desktop&#8221;][et_pb_row column_structure=&#8221;1_2,1_2&#8243; make_equal=&#8221;on&#8221; _builder_version=&#8221;4.27.4&#8243; min_height=&#8221;845.5px&#8221; custom_margin=&#8221;-101px|auto||auto||&#8221; custom_css_main_element=&#8221;align-items:center;&#8221; global_colors_info=&#8221;{}&#8221;][et_pb_column type=&#8221;1_2&#8243; _builder_version=&#8221;4.16&#8243; global_colors_info=&#8221;{}&#8221;][et_pb_image src=&#8221;https:\/\/www.casacirio.it\/wp-content\/uploads\/2026\/03\/20250712_080934.jpg&#8221; title_text=&#8221;20250712_080934&#8243; _builder_version=&#8221;4.27.4&#8243; _module_preset=&#8221;default&#8221; transform_translate=&#8221;0px|12px&#8221; min_height=&#8221;38.3px&#8221; custom_padding=&#8221;1px|||||&#8221; global_colors_info=&#8221;{}&#8221;][\/et_pb_image][et_pb_text _builder_version=&#8221;4.27.4&#8243; global_colors_info=&#8221;{}&#8221;]<\/p>\n<h2>Breakfast<\/h2>\n<p>Every morning, enjoy a breakfast prepared by us with fresh, local products, served in our breakfast room or outdoors \u2014 the perfect way to start your day with delicious flavors.[\/et_pb_text][\/et_pb_column][et_pb_column type=&#8221;1_2&#8243; _builder_version=&#8221;4.16&#8243; global_colors_info=&#8221;{}&#8221;][et_pb_image src=&#8221;https:\/\/www.casacirio.it\/wp-content\/uploads\/2026\/03\/20250816_204851.jpg&#8221; title_text=&#8221;20250816_204851&#8243; _builder_version=&#8221;4.27.4&#8243; _module_preset=&#8221;default&#8221; transform_translate=&#8221;0px|40px&#8221; hover_enabled=&#8221;0&#8243; global_colors_info=&#8221;{}&#8221; sticky_enabled=&#8221;0&#8243;][\/et_pb_image][et_pb_text _builder_version=&#8221;4.27.4&#8243; transform_translate=&#8221;0px|30px&#8221; custom_padding=&#8221;|||2px||&#8221; hover_enabled=&#8221;0&#8243; global_colors_info=&#8221;{}&#8221; sticky_enabled=&#8221;0&#8243;]<\/p>\n<h2>Tastings<\/h2>\n<p>Indulge in the authentic flavors of CasaCirio: olive oil, honey, and other products from our land, paired with local wines for a delightful Italian-style aperitivo experience.<\/p>\n<p>&nbsp;<\/p>\n<p>&nbsp;<\/p>\n<p>[\/et_pb_text][\/et_pb_column][\/et_pb_row][et_pb_row make_equal=&#8221;on&#8221; _builder_version=&#8221;4.27.4&#8243; module_alignment=&#8221;center&#8221; min_height=&#8221;562.2px&#8221; custom_margin=&#8221;40px|auto||auto||&#8221; custom_padding=&#8221;|5.7%||5.7%|false|true&#8221; custom_css_main_element=&#8221;align-items:center;&#8221; global_colors_info=&#8221;{}&#8221;][et_pb_column type=&#8221;4_4&#8243; _builder_version=&#8221;4.16&#8243; global_colors_info=&#8221;{}&#8221;][et_pb_image src=&#8221;https:\/\/www.casacirio.it\/wp-content\/uploads\/2026\/03\/20240927_1302353-1-e1773565291908.jpg&#8221; title_text=&#8221;20240927_130235(3)&#8221; _builder_version=&#8221;4.27.4&#8243; _module_preset=&#8221;default&#8221; transform_scale=&#8221;124%|124%&#8221; transform_translate=&#8221;-4px|-6px&#8221; width=&#8221;19.9%&#8221; max_width=&#8221;100%&#8221; module_alignment=&#8221;center&#8221; min_height=&#8221;38.3px&#8221; height=&#8221;264px&#8221; custom_margin=&#8221;-40px|||||&#8221; custom_padding=&#8221;1px|0px||0px||&#8221; global_colors_info=&#8221;{}&#8221;][\/et_pb_image][et_pb_text _builder_version=&#8221;4.27.4&#8243; transform_translate=&#8221;4px|25px&#8221; global_colors_info=&#8221;{}&#8221;]<\/p>\n<h2 style=\"text-align: center;\">Experiences in contact with nature<\/h2>\n<p style=\"text-align: center;\">Come experience the thrill of harvesting in the fields with us or discover our apiary: unique moments to experience the nature and traditions of CasaCirio up close.<\/p>\n<p>[\/et_pb_text][\/et_pb_column][\/et_pb_row][\/et_pb_section][et_pb_section fb_built=&#8221;1&#8243; _builder_version=&#8221;4.27.4&#8243; _module_preset=&#8221;default&#8221; background_enable_color=&#8221;off&#8221; use_background_color_gradient=&#8221;on&#8221; background_color_gradient_stops=&#8221;#ffffff 17%|rgba(255,255,255,0) 99%&#8221; background_color_gradient_overlays_image=&#8221;on&#8221; background_image=&#8221;https:\/\/www.casacirio.it\/wp-content\/uploads\/2026\/03\/IMG_1653-copia-1.jpg&#8221; custom_margin=&#8221;-158px|||||&#8221; global_colors_info=&#8221;{}&#8221;][et_pb_row column_structure=&#8221;1_3,1_3,1_3&#8243; make_equal=&#8221;on&#8221; _builder_version=&#8221;4.27.4&#8243; _module_preset=&#8221;default&#8221; global_colors_info=&#8221;{}&#8221;][et_pb_column type=&#8221;1_3&#8243; _builder_version=&#8221;4.27.4&#8243; _module_preset=&#8221;default&#8221; global_colors_info=&#8221;{}&#8221;][et_pb_blurb title=&#8221;Pool and Solarium&#8221; image=&#8221;https:\/\/www.casacirio.it\/wp-content\/uploads\/2026\/03\/20250803_134209-copia-e1773562371396.jpg&#8221; image_icon_width=&#8221;104%&#8221; _builder_version=&#8221;4.27.4&#8243; _module_preset=&#8221;_initial&#8221; background_color=&#8221;#FFFFFF&#8221; height=&#8221;100%&#8221; custom_padding=&#8221;4%|4%|4%|4%|true|false&#8221; box_shadow_style=&#8221;preset1&#8243; global_colors_info=&#8221;{}&#8221;]<\/p>\n<p>Relax in the pool surrounded by greenery with views over the valley and the famous Rocca di Perti. Soak up the sun on the equipped solarium \u2014 a peaceful corner to recharge body and mind.<\/p>\n<p>[\/et_pb_blurb][\/et_pb_column][et_pb_column type=&#8221;1_3&#8243; _builder_version=&#8221;4.27.4&#8243; _module_preset=&#8221;default&#8221; global_colors_info=&#8221;{}&#8221;][et_pb_blurb title=&#8221;Place to relax&#8221; image=&#8221;https:\/\/www.casacirio.it\/wp-content\/uploads\/2026\/03\/IMG_1647-copia-e1773562477455.jpg&#8221; _builder_version=&#8221;4.27.4&#8243; _module_preset=&#8221;_initial&#8221; background_color=&#8221;#FFFFFF&#8221; height=&#8221;100%&#8221; custom_padding=&#8221;4%|4%|4%|4%|true|false&#8221; box_shadow_style=&#8221;preset1&#8243; global_colors_info=&#8221;{}&#8221;]<\/p>\n<p>In the garden and on our hammocks, you\u2019ll find a tranquil atmosphere to read, rest, or simply unwind to the gentle sounds of nature.<\/p>\n<p>[\/et_pb_blurb][\/et_pb_column][et_pb_column type=&#8221;1_3&#8243; _builder_version=&#8221;4.27.4&#8243; _module_preset=&#8221;default&#8221; global_colors_info=&#8221;{}&#8221;][et_pb_blurb title=&#8221;Barbeque area&#8221; image=&#8221;https:\/\/www.casacirio.it\/wp-content\/uploads\/2026\/03\/IMG_1678-copia-e1773562536626.jpg&#8221; _builder_version=&#8221;4.27.4&#8243; _module_preset=&#8221;_initial&#8221; background_color=&#8221;#FFFFFF&#8221; height=&#8221;100%&#8221; custom_padding=&#8221;4%|4%|4%|4%|true|false&#8221; box_shadow_style=&#8221;preset1&#8243; global_colors_info=&#8221;{}&#8221;]<\/p>\n<p>For moments of sharing and good food, we offer a barbecue area perfect for group grilling sessions.<\/p>\n<p>[\/et_pb_blurb][\/et_pb_column][\/et_pb_row][\/et_pb_section][et_pb_section fb_built=&#8221;1&#8243; _builder_version=&#8221;4.27.4&#8243; _module_preset=&#8221;default&#8221; use_background_color_gradient=&#8221;on&#8221; background_color_gradient_stops=&#8221;#ffffff 58%|#2c140b 58%&#8221; background_last_edited=&#8221;on|phone&#8221; use_background_color_gradient_tablet=&#8221;on&#8221; background_color_gradient_stops_tablet=&#8221;#ffffff 24%|#2c140b 24%&#8221; global_colors_info=&#8221;{}&#8221;][et_pb_row _builder_version=&#8221;4.27.4&#8243; _module_preset=&#8221;default&#8221; global_colors_info=&#8221;{}&#8221;][et_pb_column type=&#8221;4_4&#8243; _builder_version=&#8221;4.27.4&#8243; _module_preset=&#8221;default&#8221; global_colors_info=&#8221;{}&#8221;][et_pb_text _builder_version=&#8221;4.27.4&#8243; _module_preset=&#8221;default&#8221; text_orientation=&#8221;center&#8221; global_colors_info=&#8221;{}&#8221;]<\/p>\n<h2>Service area<\/h2>\n<p>[\/et_pb_text][\/et_pb_column][\/et_pb_row][et_pb_row column_structure=&#8221;1_2,1_2&#8243; make_equal=&#8221;on&#8221; _builder_version=&#8221;4.27.4&#8243; _module_preset=&#8221;default&#8221; global_colors_info=&#8221;{}&#8221;][et_pb_column type=&#8221;1_2&#8243; _builder_version=&#8221;4.27.4&#8243; _module_preset=&#8221;default&#8221; global_colors_info=&#8221;{}&#8221;][et_pb_blurb title=&#8221;Bike room&#8221; image=&#8221;https:\/\/www.casacirio.it\/wp-content\/uploads\/2026\/03\/IMG_1658-copia.jpg&#8221; _builder_version=&#8221;4.27.4&#8243; _module_preset=&#8221;_initial&#8221; background_color=&#8221;#FFFFFF&#8221; height=&#8221;100%&#8221; custom_padding=&#8221;4%|4%|4%|4%|true|false&#8221; box_shadow_style=&#8221;preset1&#8243; global_colors_info=&#8221;{}&#8221;]<\/p>\n<p>Secure storage space for bicycles and sports equipment, perfect for those who love exploring the area on two wheels and more. Here you can charge your e-bike, perform minor maintenance, and conveniently wash your bike.<\/p>\n<p>[\/et_pb_blurb][\/et_pb_column][et_pb_column type=&#8221;1_2&#8243; _builder_version=&#8221;4.27.4&#8243; _module_preset=&#8221;default&#8221; global_colors_info=&#8221;{}&#8221;][et_pb_blurb title=&#8221;Parking&#8221; image=&#8221;https:\/\/www.casacirio.it\/wp-content\/uploads\/2025\/07\/95A9400-e1773562219737.jpg&#8221; _builder_version=&#8221;4.27.4&#8243; _module_preset=&#8221;_initial&#8221; background_color=&#8221;#FFFFFF&#8221; transform_translate=&#8221;0px|1px&#8221; height=&#8221;100%&#8221; custom_padding=&#8221;4%|4%|4%|4%|true|false&#8221; box_shadow_style=&#8221;preset1&#8243; global_colors_info=&#8221;{}&#8221;]<\/p>\n<p>Our guests have free private parking in front of the property.<\/p>\n<p>[\/et_pb_blurb][\/et_pb_column][\/et_pb_row][\/et_pb_section]<\/p>\n","protected":false},"excerpt":{"rendered":"<p>At CasaCirio, every moment is designed to make you feel at home, surrounded by the nature and traditions of our charming inland area. Here are the services that enrich your experience with us.Breakfast Every morning, enjoy a breakfast prepared by us with fresh, local products, served in our breakfast room or outdoors \u2014 the perfect [&hellip;]<\/p>\n","protected":false},"author":2,"featured_media":665,"parent":0,"menu_order":0,"comment_status":"closed","ping_status":"closed","template":"","meta":{"_et_pb_use_builder":"on","_et_pb_old_content":"","_et_gb_content_width":"","footnotes":""},"class_list":["post-663","page","type-page","status-publish","has-post-thumbnail","hentry"],"yoast_head":"<!-- This site is optimized with the Yoast SEO plugin v25.3.1 - https:\/\/yoast.com\/wordpress\/plugins\/seo\/ -->\n<title>The Services That Make Your Stay at CasaCirio Unique - Casa Cirio Agritourism<\/title>\n<meta name=\"robots\" content=\"index, follow, max-snippet:-1, max-image-preview:large, max-video-preview:-1\" \/>\n<link rel=\"canonical\" href=\"https:\/\/www.casacirio.it\/en\/home-4\/\" \/>\n<meta property=\"og:locale\" content=\"en_US\" \/>\n<meta property=\"og:type\" content=\"article\" \/>\n<meta property=\"og:title\" content=\"The Services That Make Your Stay at CasaCirio Unique - Casa Cirio Agritourism\" \/>\n<meta property=\"og:description\" content=\"At CasaCirio, every moment is designed to make you feel at home, surrounded by the nature and traditions of our charming inland area. Here are the services that enrich your experience with us.Breakfast Every morning, enjoy a breakfast prepared by us with fresh, local products, served in our breakfast room or outdoors \u2014 the perfect [&hellip;]\" \/>\n<meta property=\"og:url\" content=\"https:\/\/www.casacirio.it\/en\/home-4\/\" \/>\n<meta property=\"og:site_name\" content=\"Casa Cirio Agritourism\" \/>\n<meta property=\"article:modified_time\" content=\"2026-04-18T05:37:50+00:00\" \/>\n<meta property=\"og:image\" content=\"https:\/\/www.casacirio.it\/wp-content\/uploads\/2025\/06\/IMG_0875-576x1024.png\" \/>\n\t<meta property=\"og:image:width\" content=\"576\" \/>\n\t<meta property=\"og:image:height\" content=\"1024\" \/>\n\t<meta property=\"og:image:type\" content=\"image\/png\" \/>\n<meta name=\"twitter:card\" content=\"summary_large_image\" \/>\n<meta name=\"twitter:label1\" content=\"Est. reading time\" \/>\n\t<meta name=\"twitter:data1\" content=\"5 minutes\" \/>\n<script type=\"application\/ld+json\" class=\"yoast-schema-graph\">{\"@context\":\"https:\/\/schema.org\",\"@graph\":[{\"@type\":\"WebPage\",\"@id\":\"https:\/\/www.casacirio.it\/en\/home-4\/\",\"url\":\"https:\/\/www.casacirio.it\/en\/home-4\/\",\"name\":\"The Services That Make Your Stay at CasaCirio Unique - Casa Cirio Agritourism\",\"isPartOf\":{\"@id\":\"https:\/\/www.casacirio.it\/en\/#website\"},\"primaryImageOfPage\":{\"@id\":\"https:\/\/www.casacirio.it\/en\/home-4\/#primaryimage\"},\"image\":{\"@id\":\"https:\/\/www.casacirio.it\/en\/home-4\/#primaryimage\"},\"thumbnailUrl\":\"https:\/\/www.casacirio.it\/wp-content\/uploads\/2025\/06\/IMG_0875.png\",\"datePublished\":\"2025-06-30T15:41:00+00:00\",\"dateModified\":\"2026-04-18T05:37:50+00:00\",\"breadcrumb\":{\"@id\":\"https:\/\/www.casacirio.it\/en\/home-4\/#breadcrumb\"},\"inLanguage\":\"en-US\",\"potentialAction\":[{\"@type\":\"ReadAction\",\"target\":[\"https:\/\/www.casacirio.it\/en\/home-4\/\"]}]},{\"@type\":\"ImageObject\",\"inLanguage\":\"en-US\",\"@id\":\"https:\/\/www.casacirio.it\/en\/home-4\/#primaryimage\",\"url\":\"https:\/\/www.casacirio.it\/wp-content\/uploads\/2025\/06\/IMG_0875.png\",\"contentUrl\":\"https:\/\/www.casacirio.it\/wp-content\/uploads\/2025\/06\/IMG_0875.png\",\"width\":1080,\"height\":1920},{\"@type\":\"BreadcrumbList\",\"@id\":\"https:\/\/www.casacirio.it\/en\/home-4\/#breadcrumb\",\"itemListElement\":[{\"@type\":\"ListItem\",\"position\":1,\"name\":\"Home\",\"item\":\"https:\/\/www.casacirio.it\/en\/\"},{\"@type\":\"ListItem\",\"position\":2,\"name\":\"The Services That Make Your Stay at CasaCirio Unique\"}]},{\"@type\":\"WebSite\",\"@id\":\"https:\/\/www.casacirio.it\/en\/#website\",\"url\":\"https:\/\/www.casacirio.it\/en\/\",\"name\":\"Casa Cirio Agritourism\",\"description\":\"L\u2019aria pi\u00f9 buona \u00e8 l\u00e0 dove si incontra  l\u2019aria di mare con quella del Melogno\",\"potentialAction\":[{\"@type\":\"SearchAction\",\"target\":{\"@type\":\"EntryPoint\",\"urlTemplate\":\"https:\/\/www.casacirio.it\/en\/?s={search_term_string}\"},\"query-input\":{\"@type\":\"PropertyValueSpecification\",\"valueRequired\":true,\"valueName\":\"search_term_string\"}}],\"inLanguage\":\"en-US\"}]}<\/script>\n<!-- \/ Yoast SEO plugin. -->","yoast_head_json":{"title":"The Services That Make Your Stay at CasaCirio Unique - Casa Cirio Agritourism","robots":{"index":"index","follow":"follow","max-snippet":"max-snippet:-1","max-image-preview":"max-image-preview:large","max-video-preview":"max-video-preview:-1"},"canonical":"https:\/\/www.casacirio.it\/en\/home-4\/","og_locale":"en_US","og_type":"article","og_title":"The Services That Make Your Stay at CasaCirio Unique - Casa Cirio Agritourism","og_description":"At CasaCirio, every moment is designed to make you feel at home, surrounded by the nature and traditions of our charming inland area. Here are the services that enrich your experience with us.Breakfast Every morning, enjoy a breakfast prepared by us with fresh, local products, served in our breakfast room or outdoors \u2014 the perfect [&hellip;]","og_url":"https:\/\/www.casacirio.it\/en\/home-4\/","og_site_name":"Casa Cirio Agritourism","article_modified_time":"2026-04-18T05:37:50+00:00","og_image":[{"width":576,"height":1024,"url":"https:\/\/www.casacirio.it\/wp-content\/uploads\/2025\/06\/IMG_0875-576x1024.png","type":"image\/png"}],"twitter_card":"summary_large_image","twitter_misc":{"Est. reading time":"5 minutes"},"schema":{"@context":"https:\/\/schema.org","@graph":[{"@type":"WebPage","@id":"https:\/\/www.casacirio.it\/en\/home-4\/","url":"https:\/\/www.casacirio.it\/en\/home-4\/","name":"The Services That Make Your Stay at CasaCirio Unique - Casa Cirio Agritourism","isPartOf":{"@id":"https:\/\/www.casacirio.it\/en\/#website"},"primaryImageOfPage":{"@id":"https:\/\/www.casacirio.it\/en\/home-4\/#primaryimage"},"image":{"@id":"https:\/\/www.casacirio.it\/en\/home-4\/#primaryimage"},"thumbnailUrl":"https:\/\/www.casacirio.it\/wp-content\/uploads\/2025\/06\/IMG_0875.png","datePublished":"2025-06-30T15:41:00+00:00","dateModified":"2026-04-18T05:37:50+00:00","breadcrumb":{"@id":"https:\/\/www.casacirio.it\/en\/home-4\/#breadcrumb"},"inLanguage":"en-US","potentialAction":[{"@type":"ReadAction","target":["https:\/\/www.casacirio.it\/en\/home-4\/"]}]},{"@type":"ImageObject","inLanguage":"en-US","@id":"https:\/\/www.casacirio.it\/en\/home-4\/#primaryimage","url":"https:\/\/www.casacirio.it\/wp-content\/uploads\/2025\/06\/IMG_0875.png","contentUrl":"https:\/\/www.casacirio.it\/wp-content\/uploads\/2025\/06\/IMG_0875.png","width":1080,"height":1920},{"@type":"BreadcrumbList","@id":"https:\/\/www.casacirio.it\/en\/home-4\/#breadcrumb","itemListElement":[{"@type":"ListItem","position":1,"name":"Home","item":"https:\/\/www.casacirio.it\/en\/"},{"@type":"ListItem","position":2,"name":"The Services That Make Your Stay at CasaCirio Unique"}]},{"@type":"WebSite","@id":"https:\/\/www.casacirio.it\/en\/#website","url":"https:\/\/www.casacirio.it\/en\/","name":"Casa Cirio Agritourism","description":"L\u2019aria pi\u00f9 buona \u00e8 l\u00e0 dove si incontra  l\u2019aria di mare con quella del Melogno","potentialAction":[{"@type":"SearchAction","target":{"@type":"EntryPoint","urlTemplate":"https:\/\/www.casacirio.it\/en\/?s={search_term_string}"},"query-input":{"@type":"PropertyValueSpecification","valueRequired":true,"valueName":"search_term_string"}}],"inLanguage":"en-US"}]}},"_links":{"self":[{"href":"https:\/\/www.casacirio.it\/en\/wp-json\/wp\/v2\/pages\/663","targetHints":{"allow":["GET"]}}],"collection":[{"href":"https:\/\/www.casacirio.it\/en\/wp-json\/wp\/v2\/pages"}],"about":[{"href":"https:\/\/www.casacirio.it\/en\/wp-json\/wp\/v2\/types\/page"}],"author":[{"embeddable":true,"href":"https:\/\/www.casacirio.it\/en\/wp-json\/wp\/v2\/users\/2"}],"replies":[{"embeddable":true,"href":"https:\/\/www.casacirio.it\/en\/wp-json\/wp\/v2\/comments?post=663"}],"version-history":[{"count":4,"href":"https:\/\/www.casacirio.it\/en\/wp-json\/wp\/v2\/pages\/663\/revisions"}],"predecessor-version":[{"id":1072,"href":"https:\/\/www.casacirio.it\/en\/wp-json\/wp\/v2\/pages\/663\/revisions\/1072"}],"wp:featuredmedia":[{"embeddable":true,"href":"https:\/\/www.casacirio.it\/en\/wp-json\/wp\/v2\/media\/665"}],"wp:attachment":[{"href":"https:\/\/www.casacirio.it\/en\/wp-json\/wp\/v2\/media?parent=663"}],"curies":[{"name":"wp","href":"https:\/\/api.w.org\/{rel}","templated":true}]}}