{"id":680,"date":"2025-07-01T09:24:48","date_gmt":"2025-07-01T07:24:48","guid":{"rendered":"https:\/\/www.casacirio.it\/?page_id=680"},"modified":"2026-04-17T07:49:23","modified_gmt":"2026-04-17T05:49:23","slug":"home-5","status":"publish","type":"page","link":"https:\/\/www.casacirio.it\/en\/home-5\/","title":{"rendered":"What to do around CasaCirio"},"content":{"rendered":"<p>[et_pb_section fb_built=&#8221;1&#8243; _builder_version=&#8221;4.27.4&#8243; _module_preset=&#8221;default&#8221; global_colors_info=&#8221;{}&#8221;][et_pb_row _builder_version=&#8221;4.27.4&#8243; _module_preset=&#8221;default&#8221; global_colors_info=&#8221;{}&#8221;][et_pb_column type=&#8221;4_4&#8243; _builder_version=&#8221;4.27.4&#8243; _module_preset=&#8221;default&#8221; global_colors_info=&#8221;{}&#8221;][et_pb_text _builder_version=&#8221;4.27.4&#8243; _module_preset=&#8221;default&#8221; text_orientation=&#8221;center&#8221; global_colors_info=&#8221;{}&#8221;]<\/p>\n<h2>CasaCirio is the perfect starting point to discover a local area full of wonders:<\/h2>\n<p>crystal-clear sea, breathtaking trails, historic villages, and authentic flavors<\/p>\n<p><strong> Whether you love nature, sports, or culture, you\u2019ll find unique experiences to make your stay unforgettable.<\/strong><\/p>\n<p>[\/et_pb_text][\/et_pb_column][\/et_pb_row][\/et_pb_section][et_pb_section fb_built=&#8221;1&#8243; _builder_version=&#8221;4.27.4&#8243; custom_padding=&#8221;0px||0px||true|false&#8221; global_colors_info=&#8221;{}&#8221;][et_pb_row column_structure=&#8221;1_2,1_2&#8243; use_custom_gutter=&#8221;on&#8221; make_equal=&#8221;on&#8221; custom_padding_last_edited=&#8221;on|tablet&#8221; _builder_version=&#8221;4.27.4&#8243; custom_padding=&#8221;|0%||10%|false|false&#8221; custom_padding_tablet=&#8221;|10%||10%|false|false&#8221; custom_padding_phone=&#8221;&#8221; custom_css_main_element=&#8221;align-items: center;&#8221; global_colors_info=&#8221;{}&#8221;][et_pb_column type=&#8221;1_2&#8243; _builder_version=&#8221;4.16&#8243; custom_padding=&#8221;||||false|false&#8221; global_colors_info=&#8221;{}&#8221;][et_pb_text quote_border_color=&#8221;#289548&#8243; _builder_version=&#8221;4.27.4&#8243; custom_margin=&#8221;||||false|false&#8221; global_colors_info=&#8221;{}&#8221;]<\/p>\n<h2>MTB, e-bike and road bike<\/h2>\n<p>Finale Ligure is a top destination for bikers, offering over 250 trails for MTB and e-bikes, as well as legendary climbs like Colle del Melogno at 1,000 meters above sea level.<\/p>\n<p>The Finale area has hosted the Enduro World Championship for years, along with events such as the 24h of Finale, Flow Outdoor Festival, Trophy of Nations, and Banff Film Festival.[\/et_pb_text][et_pb_button button_url=&#8221;https:\/\/www.finaleoutdoor.com\/it&#8221; url_new_window=&#8221;on&#8221; button_text=&#8221;DISCOVER MORE&#8221; _builder_version=&#8221;4.27.4&#8243; _module_preset=&#8221;default&#8221; global_colors_info=&#8221;{}&#8221;][\/et_pb_button][\/et_pb_column][et_pb_column type=&#8221;1_2&#8243; _builder_version=&#8221;4.16&#8243; global_colors_info=&#8221;{}&#8221;][et_pb_image src=&#8221;https:\/\/www.casacirio.it\/wp-content\/uploads\/2025\/07\/istockphoto-2184701779-2048&#215;2048-1.jpg&#8221; title_text=&#8221;istockphoto-2184701779-2048&#215;2048&#8243; _builder_version=&#8221;4.27.4&#8243; animation_style=&#8221;slide&#8221; animation_direction=&#8221;right&#8221; global_colors_info=&#8221;{}&#8221;][\/et_pb_image][\/et_pb_column][\/et_pb_row][\/et_pb_section][et_pb_section fb_built=&#8221;1&#8243; _builder_version=&#8221;4.27.4&#8243; _module_preset=&#8221;default&#8221; use_background_color_gradient=&#8221;on&#8221; background_color_gradient_stops=&#8221;#ffffff 20%|#2c140b 20%|#2c140b 80%|#ffffff 80%&#8221; custom_padding=&#8221;0px||0px||true|false&#8221; background_last_edited=&#8221;on|phone&#8221; use_background_color_gradient_tablet=&#8221;on&#8221; background_color_gradient_stops_tablet=&#8221;#ffffff 20%|#2c140b 20%|#2c140b 100%|#ffffff 100%&#8221; global_colors_info=&#8221;{}&#8221;][et_pb_row column_structure=&#8221;1_2,1_2&#8243; make_equal=&#8221;on&#8221; _builder_version=&#8221;4.27.4&#8243; _module_preset=&#8221;default&#8221; custom_padding=&#8221;10%|10%|10%|10%|true|true&#8221; custom_css_main_element=&#8221;align-items:center;&#8221; global_colors_info=&#8221;{}&#8221;][et_pb_column type=&#8221;1_2&#8243; _builder_version=&#8221;4.27.4&#8243; _module_preset=&#8221;default&#8221; global_colors_info=&#8221;{}&#8221;][et_pb_image src=&#8221;https:\/\/www.casacirio.it\/wp-content\/uploads\/2025\/07\/istockphoto-2148414735-2048&#215;2048-1.jpg&#8221; title_text=&#8221;istockphoto-2148414735-2048&#215;2048&#8243; _builder_version=&#8221;4.27.4&#8243; _module_preset=&#8221;default&#8221; global_colors_info=&#8221;{}&#8221;][\/et_pb_image][\/et_pb_column][et_pb_column type=&#8221;1_2&#8243; _builder_version=&#8221;4.27.4&#8243; _module_preset=&#8221;default&#8221; global_colors_info=&#8221;{}&#8221;][et_pb_text _builder_version=&#8221;4.27.4&#8243; text_font_size=&#8221;15px&#8221; text_orientation=&#8221;center&#8221; background_layout=&#8221;dark&#8221; custom_margin=&#8221;||||false|false&#8221; hover_enabled=&#8221;0&#8243; global_colors_info=&#8221;{}&#8221; transform_scale=&#8221;90%|90%&#8221; sticky_enabled=&#8221;0&#8243;]<\/p>\n<h2>Hiking and walks<\/h2>\n<p><strong>Discover 64 marked trails in the Finale area<\/strong><\/p>\n<p>from easy walks among ancient villages and olive groves to challenging hikes with stunning sea views.<br \/>Nearby, you can explore the six &#8220;Sentieri di Rialto,&#8221; the famous &#8220;Sentiero del Pellegrino&#8221; from Varigotti to Noli, or the panoramic routes on Caprazzoppa.<\/p>\n<p>To cool off on summer days, head to Europe&#8217;s largest beech forest, the &#8220;Faggeta della Barbottina,&#8221; or discover the pools along the Pora stream, an excellent spot for those traveling with four-legged friends.<\/p>\n<p>[\/et_pb_text][et_pb_button button_url=&#8221;https:\/\/www.finaleoutdoor.com\/it&#8221; url_new_window=&#8221;on&#8221; button_text=&#8221;DISCOVER MORE&#8221; button_alignment=&#8221;center&#8221; _builder_version=&#8221;4.27.4&#8243; _module_preset=&#8221;default&#8221; global_colors_info=&#8221;{}&#8221;][\/et_pb_button][\/et_pb_column][\/et_pb_row][\/et_pb_section][et_pb_section fb_built=&#8221;1&#8243; specialty=&#8221;on&#8221; _builder_version=&#8221;4.27.4&#8243; _module_preset=&#8221;default&#8221; inner_width=&#8221;100%&#8221; inner_max_width=&#8221;100%&#8221; custom_margin=&#8221;0px||||false|false&#8221; custom_padding=&#8221;0px|8%||8%|false|true&#8221; global_colors_info=&#8221;{}&#8221;][et_pb_column type=&#8221;1_2&#8243; specialty_columns=&#8221;2&#8243; _builder_version=&#8221;4.16&#8243; custom_padding=&#8221;|||&#8221; global_colors_info=&#8221;{}&#8221; custom_padding__hover=&#8221;|||&#8221;][et_pb_row_inner _builder_version=&#8221;4.27.4&#8243; _module_preset=&#8221;default&#8221; global_colors_info=&#8221;{}&#8221;][et_pb_column_inner saved_specialty_column_type=&#8221;1_2&#8243; _builder_version=&#8221;4.27.4&#8243; _module_preset=&#8221;default&#8221; global_colors_info=&#8221;{}&#8221;][et_pb_text quote_border_color=&#8221;#289548&#8243; _builder_version=&#8221;4.27.4&#8243; custom_margin=&#8221;||||false|false&#8221; global_colors_info=&#8221;{}&#8221;]<\/p>\n<h2>Sea &amp; water sports<\/h2>\n<p>Blue Flag beaches, hidden coves, and dramatic cliffs: here you can go snorkeling, kayaking, SUP, sailing, diving, or even join dolphin and whale-watching tours.<\/p>\n<p>The white sandy beaches of Varigotti and Finale Ligure are a highlight of the western Ligurian coast, alternating with impressive cliffs. Don\u2019t miss Bergeggi Island and Baia dei Saraceni \u2014 true paradises for kayaking and snorkeling lovers.<\/p>\n<p>[\/et_pb_text][et_pb_button button_url=&#8221;https:\/\/visitfinaleligure.it\/%20e%20https:\/\/pelagos-sanctuary.org\/it\/&#8221; url_new_window=&#8221;on&#8221; button_text=&#8221;DISCOVER MORE&#8221; _builder_version=&#8221;4.27.4&#8243; _module_preset=&#8221;default&#8221; global_colors_info=&#8221;{}&#8221;][\/et_pb_button][\/et_pb_column_inner][\/et_pb_row_inner][et_pb_row_inner _builder_version=&#8221;4.27.4&#8243; _module_preset=&#8221;default&#8221; custom_padding=&#8221;||0px|||&#8221; global_colors_info=&#8221;{}&#8221;][et_pb_column_inner saved_specialty_column_type=&#8221;1_2&#8243; _builder_version=&#8221;4.27.4&#8243; _module_preset=&#8221;default&#8221; global_colors_info=&#8221;{}&#8221;][et_pb_text _builder_version=&#8221;4.27.4&#8243; _module_preset=&#8221;default&#8221; global_colors_info=&#8221;{}&#8221;]<\/p>\n<h4>For those traveling with dogs:<\/h4>\n<p>[\/et_pb_text][\/et_pb_column_inner][\/et_pb_row_inner][et_pb_row_inner _builder_version=&#8221;4.27.4&#8243; _module_preset=&#8221;default&#8221; custom_padding=&#8221;19px|||||&#8221; global_colors_info=&#8221;{}&#8221;][et_pb_column_inner saved_specialty_column_type=&#8221;1_2&#8243; _builder_version=&#8221;4.27.4&#8243; _module_preset=&#8221;default&#8221; global_colors_info=&#8221;{}&#8221;][et_pb_blurb use_icon=&#8221;on&#8221; font_icon=&#8221;&#xf1b0;||fa||900&#8243; content_max_width=&#8221;100%&#8221; _builder_version=&#8221;4.27.4&#8243; _module_preset=&#8221;8c666b49-7c37-45dc-8832-e49f5d0bb595&#8243; body_link_font=&#8221;||||on||||&#8221; custom_margin=&#8221;||13px|||&#8221; global_colors_info=&#8221;{}&#8221;]<\/p>\n<p><a href=\"http:\/\/turismo.comunefinaleligure.it\/mare\/spiagge-per-cani\" target=\"_blank\" rel=\"noopener\">Dog-friendly beaches in Finale Ligure<\/a><\/p>\n<p>[\/et_pb_blurb][et_pb_blurb use_icon=&#8221;on&#8221; font_icon=&#8221;&#xf1b0;||fa||900&#8243; content_max_width=&#8221;100%&#8221; _builder_version=&#8221;4.27.4&#8243; _module_preset=&#8221;8c666b49-7c37-45dc-8832-e49f5d0bb595&#8243; body_link_font=&#8221;||||on||||&#8221; custom_margin=&#8221;||13px|||&#8221; global_colors_info=&#8221;{}&#8221;]<a href=\"https:\/\/www.20r.it\/\" target=\"_blank\" rel=\"noopener\">https:\/\/www.20r.it\/<\/a>[\/et_pb_blurb][\/et_pb_column_inner][\/et_pb_row_inner][\/et_pb_column][et_pb_column type=&#8221;1_2&#8243; _builder_version=&#8221;4.16&#8243; custom_padding=&#8221;|||&#8221; global_colors_info=&#8221;{}&#8221; custom_padding__hover=&#8221;|||&#8221;][et_pb_image src=&#8221;https:\/\/www.casacirio.it\/wp-content\/uploads\/2025\/07\/dog.jpg&#8221; title_text=&#8221;dog&#8221; align=&#8221;center&#8221; _builder_version=&#8221;4.27.4&#8243; width=&#8221;70%&#8221; animation_style=&#8221;slide&#8221; animation_direction=&#8221;right&#8221; global_colors_info=&#8221;{}&#8221;][\/et_pb_image][\/et_pb_column][\/et_pb_section][et_pb_section fb_built=&#8221;1&#8243; _builder_version=&#8221;4.27.4&#8243; _module_preset=&#8221;default&#8221; background_image=&#8221;https:\/\/www.casacirio.it\/wp-content\/uploads\/2025\/07\/italy-finale-ligurie.webp&#8221; global_colors_info=&#8221;{}&#8221;][et_pb_row column_structure=&#8221;1_2,1_2&#8243; make_equal=&#8221;on&#8221; _builder_version=&#8221;4.27.4&#8243; _module_preset=&#8221;default&#8221; global_colors_info=&#8221;{}&#8221;][et_pb_column type=&#8221;1_2&#8243; _builder_version=&#8221;4.27.4&#8243; _module_preset=&#8221;15f9ca2d-abf5-4240-8b4c-e03ff32c18f3&#8243; global_colors_info=&#8221;{}&#8221;][et_pb_blurb title=&#8221;Climbing and caving&#8221; image=&#8221;https:\/\/www.casacirio.it\/wp-content\/uploads\/2025\/07\/istockphoto-1492645998-2048&#215;2048-1.png&#8221; _builder_version=&#8221;4.27.4&#8243; _module_preset=&#8221;default&#8221; global_colors_info=&#8221;{}&#8221;]<\/p>\n<p>With over 4,000 climbing routes, the Finale area is a true paradise for climbers.<br \/>If you love adventure, explore the area&#8217;s most famous caves, such as Toirano and Borgio Verezzi.<\/p>\n<p>[\/et_pb_blurb][et_pb_button button_url=&#8221;https:\/\/www.guidefinale.com\/&#8221; url_new_window=&#8221;on&#8221; button_text=&#8221;DISCOVER MORE&#8221; _builder_version=&#8221;4.27.4&#8243; _module_preset=&#8221;default&#8221; global_colors_info=&#8221;{}&#8221;][\/et_pb_button][\/et_pb_column][et_pb_column type=&#8221;1_2&#8243; _builder_version=&#8221;4.27.4&#8243; _module_preset=&#8221;15f9ca2d-abf5-4240-8b4c-e03ff32c18f3&#8243; global_colors_info=&#8221;{}&#8221;][et_pb_blurb title=&#8221;Trail running&#8221; image=&#8221;https:\/\/www.casacirio.it\/wp-content\/uploads\/2025\/07\/istockphoto-508284940-2048&#215;2048-1.jpg&#8221; _builder_version=&#8221;4.27.4&#8243; _module_preset=&#8221;default&#8221; global_colors_info=&#8221;{}&#8221;]<\/p>\n<p>Experience the thrill of running between the sea and the mountains: the Marchesato Trail, the Val Maremola Trail, and the Gallinara Trail are unmissable events for trail runners.<\/p>\n<p>[\/et_pb_blurb][\/et_pb_column][\/et_pb_row][\/et_pb_section][et_pb_section fb_built=&#8221;1&#8243; _builder_version=&#8221;4.17.6&#8243; global_colors_info=&#8221;{}&#8221;][et_pb_row column_structure=&#8221;1_2,1_2&#8243; use_custom_gutter=&#8221;on&#8221; make_equal=&#8221;on&#8221; custom_padding_last_edited=&#8221;on|tablet&#8221; _builder_version=&#8221;4.27.4&#8243; custom_padding=&#8221;|0%||10%|false|false&#8221; custom_padding_tablet=&#8221;|10%||10%|false|false&#8221; custom_padding_phone=&#8221;&#8221; custom_css_main_element=&#8221;align-items: center;&#8221; global_colors_info=&#8221;{}&#8221;][et_pb_column type=&#8221;1_2&#8243; _builder_version=&#8221;4.16&#8243; custom_padding=&#8221;||||false|false&#8221; global_colors_info=&#8221;{}&#8221;][et_pb_text quote_border_color=&#8221;#289548&#8243; _builder_version=&#8221;4.27.4&#8243; custom_margin=&#8221;||||false|false&#8221; global_colors_info=&#8221;{}&#8221;]<\/p>\n<h2>historic villages and culture<\/h2>\n<p>Discover authentic villages like Finalborgo, Verezzi, and Noli Visit the Archaeological Museum of Finale in the beautiful Santa Caterina cloisters, the Clock Museum in Badino Vecchio, and enjoy the many cultural events happening all year round.[\/et_pb_text][et_pb_button button_url=&#8221;https:\/\/visitfinaleligure.it\/&#8221; url_new_window=&#8221;on&#8221; button_text=&#8221;DISCOVER MORE&#8221; _builder_version=&#8221;4.27.4&#8243; _module_preset=&#8221;default&#8221; global_colors_info=&#8221;{}&#8221;][\/et_pb_button][\/et_pb_column][et_pb_column type=&#8221;1_2&#8243; _builder_version=&#8221;4.16&#8243; global_colors_info=&#8221;{}&#8221;][et_pb_image src=&#8221;https:\/\/www.casacirio.it\/wp-content\/uploads\/2025\/07\/istockphoto-1370094278-2048&#215;2048-1.jpg&#8221; title_text=&#8221;istockphoto-1370094278-2048&#215;2048&#8243; _builder_version=&#8221;4.27.4&#8243; animation_style=&#8221;slide&#8221; animation_direction=&#8221;right&#8221; global_colors_info=&#8221;{}&#8221;][\/et_pb_image][\/et_pb_column][\/et_pb_row][\/et_pb_section]<\/p>\n","protected":false},"excerpt":{"rendered":"<p>CasaCirio is the perfect starting point to discover a local area full of wonders: crystal-clear sea, breathtaking trails, historic villages, and authentic flavors Whether you love nature, sports, or culture, you\u2019ll find unique experiences to make your stay unforgettable.MTB, e-bike and road bike Finale Ligure is a top destination for bikers, offering over 250 trails [&hellip;]<\/p>\n","protected":false},"author":2,"featured_media":502,"parent":0,"menu_order":0,"comment_status":"closed","ping_status":"closed","template":"","meta":{"_et_pb_use_builder":"on","_et_pb_old_content":"","_et_gb_content_width":"","footnotes":""},"class_list":["post-680","page","type-page","status-publish","has-post-thumbnail","hentry"],"yoast_head":"<!-- This site is optimized with the Yoast SEO plugin v25.3.1 - https:\/\/yoast.com\/wordpress\/plugins\/seo\/ -->\n<title>What to do around CasaCirio - Casa Cirio Agritourism<\/title>\n<meta name=\"robots\" content=\"index, follow, max-snippet:-1, max-image-preview:large, max-video-preview:-1\" \/>\n<link rel=\"canonical\" href=\"https:\/\/www.casacirio.it\/en\/home-5\/\" \/>\n<meta property=\"og:locale\" content=\"en_US\" \/>\n<meta property=\"og:type\" content=\"article\" \/>\n<meta property=\"og:title\" content=\"What to do around CasaCirio - Casa Cirio Agritourism\" \/>\n<meta property=\"og:description\" content=\"CasaCirio is the perfect starting point to discover a local area full of wonders: crystal-clear sea, breathtaking trails, historic villages, and authentic flavors Whether you love nature, sports, or culture, you\u2019ll find unique experiences to make your stay unforgettable.MTB, e-bike and road bike Finale Ligure is a top destination for bikers, offering over 250 trails [&hellip;]\" \/>\n<meta property=\"og:url\" content=\"https:\/\/www.casacirio.it\/en\/home-5\/\" \/>\n<meta property=\"og:site_name\" content=\"Casa Cirio Agritourism\" \/>\n<meta property=\"article:modified_time\" content=\"2026-04-17T05:49:23+00:00\" \/>\n<meta property=\"og:image\" content=\"https:\/\/www.casacirio.it\/wp-content\/uploads\/2021\/07\/il-nostro-agrit-e\u0300-proprio-qui.jpg\" \/>\n\t<meta property=\"og:image:width\" content=\"1920\" \/>\n\t<meta property=\"og:image:height\" content=\"1440\" \/>\n\t<meta property=\"og:image:type\" content=\"image\/jpeg\" \/>\n<meta name=\"twitter:card\" content=\"summary_large_image\" \/>\n<meta name=\"twitter:label1\" content=\"Est. reading time\" \/>\n\t<meta name=\"twitter:data1\" content=\"8 minutes\" \/>\n<script type=\"application\/ld+json\" class=\"yoast-schema-graph\">{\"@context\":\"https:\/\/schema.org\",\"@graph\":[{\"@type\":\"WebPage\",\"@id\":\"https:\/\/www.casacirio.it\/en\/home-5\/\",\"url\":\"https:\/\/www.casacirio.it\/en\/home-5\/\",\"name\":\"What to do around CasaCirio - Casa Cirio Agritourism\",\"isPartOf\":{\"@id\":\"https:\/\/www.casacirio.it\/en\/#website\"},\"primaryImageOfPage\":{\"@id\":\"https:\/\/www.casacirio.it\/en\/home-5\/#primaryimage\"},\"image\":{\"@id\":\"https:\/\/www.casacirio.it\/en\/home-5\/#primaryimage\"},\"thumbnailUrl\":\"https:\/\/www.casacirio.it\/wp-content\/uploads\/2021\/07\/il-nostro-agrit-e\u0300-proprio-qui.jpg\",\"datePublished\":\"2025-07-01T07:24:48+00:00\",\"dateModified\":\"2026-04-17T05:49:23+00:00\",\"breadcrumb\":{\"@id\":\"https:\/\/www.casacirio.it\/en\/home-5\/#breadcrumb\"},\"inLanguage\":\"en-US\",\"potentialAction\":[{\"@type\":\"ReadAction\",\"target\":[\"https:\/\/www.casacirio.it\/en\/home-5\/\"]}]},{\"@type\":\"ImageObject\",\"inLanguage\":\"en-US\",\"@id\":\"https:\/\/www.casacirio.it\/en\/home-5\/#primaryimage\",\"url\":\"https:\/\/www.casacirio.it\/wp-content\/uploads\/2021\/07\/il-nostro-agrit-e\u0300-proprio-qui.jpg\",\"contentUrl\":\"https:\/\/www.casacirio.it\/wp-content\/uploads\/2021\/07\/il-nostro-agrit-e\u0300-proprio-qui.jpg\",\"width\":1920,\"height\":1440},{\"@type\":\"BreadcrumbList\",\"@id\":\"https:\/\/www.casacirio.it\/en\/home-5\/#breadcrumb\",\"itemListElement\":[{\"@type\":\"ListItem\",\"position\":1,\"name\":\"Home\",\"item\":\"https:\/\/www.casacirio.it\/en\/\"},{\"@type\":\"ListItem\",\"position\":2,\"name\":\"What to do around CasaCirio\"}]},{\"@type\":\"WebSite\",\"@id\":\"https:\/\/www.casacirio.it\/en\/#website\",\"url\":\"https:\/\/www.casacirio.it\/en\/\",\"name\":\"Casa Cirio Agritourism\",\"description\":\"L\u2019aria pi\u00f9 buona \u00e8 l\u00e0 dove si incontra  l\u2019aria di mare con quella del Melogno\",\"potentialAction\":[{\"@type\":\"SearchAction\",\"target\":{\"@type\":\"EntryPoint\",\"urlTemplate\":\"https:\/\/www.casacirio.it\/en\/?s={search_term_string}\"},\"query-input\":{\"@type\":\"PropertyValueSpecification\",\"valueRequired\":true,\"valueName\":\"search_term_string\"}}],\"inLanguage\":\"en-US\"}]}<\/script>\n<!-- \/ Yoast SEO plugin. -->","yoast_head_json":{"title":"What to do around CasaCirio - Casa Cirio Agritourism","robots":{"index":"index","follow":"follow","max-snippet":"max-snippet:-1","max-image-preview":"max-image-preview:large","max-video-preview":"max-video-preview:-1"},"canonical":"https:\/\/www.casacirio.it\/en\/home-5\/","og_locale":"en_US","og_type":"article","og_title":"What to do around CasaCirio - Casa Cirio Agritourism","og_description":"CasaCirio is the perfect starting point to discover a local area full of wonders: crystal-clear sea, breathtaking trails, historic villages, and authentic flavors Whether you love nature, sports, or culture, you\u2019ll find unique experiences to make your stay unforgettable.MTB, e-bike and road bike Finale Ligure is a top destination for bikers, offering over 250 trails [&hellip;]","og_url":"https:\/\/www.casacirio.it\/en\/home-5\/","og_site_name":"Casa Cirio Agritourism","article_modified_time":"2026-04-17T05:49:23+00:00","og_image":[{"width":1920,"height":1440,"url":"https:\/\/www.casacirio.it\/wp-content\/uploads\/2021\/07\/il-nostro-agrit-e\u0300-proprio-qui.jpg","type":"image\/jpeg"}],"twitter_card":"summary_large_image","twitter_misc":{"Est. reading time":"8 minutes"},"schema":{"@context":"https:\/\/schema.org","@graph":[{"@type":"WebPage","@id":"https:\/\/www.casacirio.it\/en\/home-5\/","url":"https:\/\/www.casacirio.it\/en\/home-5\/","name":"What to do around CasaCirio - Casa Cirio Agritourism","isPartOf":{"@id":"https:\/\/www.casacirio.it\/en\/#website"},"primaryImageOfPage":{"@id":"https:\/\/www.casacirio.it\/en\/home-5\/#primaryimage"},"image":{"@id":"https:\/\/www.casacirio.it\/en\/home-5\/#primaryimage"},"thumbnailUrl":"https:\/\/www.casacirio.it\/wp-content\/uploads\/2021\/07\/il-nostro-agrit-e\u0300-proprio-qui.jpg","datePublished":"2025-07-01T07:24:48+00:00","dateModified":"2026-04-17T05:49:23+00:00","breadcrumb":{"@id":"https:\/\/www.casacirio.it\/en\/home-5\/#breadcrumb"},"inLanguage":"en-US","potentialAction":[{"@type":"ReadAction","target":["https:\/\/www.casacirio.it\/en\/home-5\/"]}]},{"@type":"ImageObject","inLanguage":"en-US","@id":"https:\/\/www.casacirio.it\/en\/home-5\/#primaryimage","url":"https:\/\/www.casacirio.it\/wp-content\/uploads\/2021\/07\/il-nostro-agrit-e\u0300-proprio-qui.jpg","contentUrl":"https:\/\/www.casacirio.it\/wp-content\/uploads\/2021\/07\/il-nostro-agrit-e\u0300-proprio-qui.jpg","width":1920,"height":1440},{"@type":"BreadcrumbList","@id":"https:\/\/www.casacirio.it\/en\/home-5\/#breadcrumb","itemListElement":[{"@type":"ListItem","position":1,"name":"Home","item":"https:\/\/www.casacirio.it\/en\/"},{"@type":"ListItem","position":2,"name":"What to do around CasaCirio"}]},{"@type":"WebSite","@id":"https:\/\/www.casacirio.it\/en\/#website","url":"https:\/\/www.casacirio.it\/en\/","name":"Casa Cirio Agritourism","description":"L\u2019aria pi\u00f9 buona \u00e8 l\u00e0 dove si incontra  l\u2019aria di mare con quella del Melogno","potentialAction":[{"@type":"SearchAction","target":{"@type":"EntryPoint","urlTemplate":"https:\/\/www.casacirio.it\/en\/?s={search_term_string}"},"query-input":{"@type":"PropertyValueSpecification","valueRequired":true,"valueName":"search_term_string"}}],"inLanguage":"en-US"}]}},"_links":{"self":[{"href":"https:\/\/www.casacirio.it\/en\/wp-json\/wp\/v2\/pages\/680","targetHints":{"allow":["GET"]}}],"collection":[{"href":"https:\/\/www.casacirio.it\/en\/wp-json\/wp\/v2\/pages"}],"about":[{"href":"https:\/\/www.casacirio.it\/en\/wp-json\/wp\/v2\/types\/page"}],"author":[{"embeddable":true,"href":"https:\/\/www.casacirio.it\/en\/wp-json\/wp\/v2\/users\/2"}],"replies":[{"embeddable":true,"href":"https:\/\/www.casacirio.it\/en\/wp-json\/wp\/v2\/comments?post=680"}],"version-history":[{"count":3,"href":"https:\/\/www.casacirio.it\/en\/wp-json\/wp\/v2\/pages\/680\/revisions"}],"predecessor-version":[{"id":1055,"href":"https:\/\/www.casacirio.it\/en\/wp-json\/wp\/v2\/pages\/680\/revisions\/1055"}],"wp:featuredmedia":[{"embeddable":true,"href":"https:\/\/www.casacirio.it\/en\/wp-json\/wp\/v2\/media\/502"}],"wp:attachment":[{"href":"https:\/\/www.casacirio.it\/en\/wp-json\/wp\/v2\/media?parent=680"}],"curies":[{"name":"wp","href":"https:\/\/api.w.org\/{rel}","templated":true}]}}